{"id":940,"date":"2025-07-18T18:31:48","date_gmt":"2025-07-18T16:31:48","guid":{"rendered":"http:\/\/192.168.2.106\/index.php\/produkt\/cyfrowy-miernik-cegowy-habotest-ht200b-ac-dc\/"},"modified":"2025-07-18T18:31:48","modified_gmt":"2025-07-18T16:31:48","slug":"cyfrowy-miernik-cegowy-habotest-ht200b-ac-dc","status":"publish","type":"product","link":"https:\/\/racom.com.pl\/index.php\/produkt\/cyfrowy-miernik-cegowy-habotest-ht200b-ac-dc\/","title":{"rendered":"CYFROWY MIERNIK C\u0118GOWY HABOTEST HT200B AC\/DC"},"content":{"rendered":"<h2>Cyfrowy miernik c\u0119gowy Habotest HT200B<\/h2>\n<p><b>Miernik c\u0119gowy Habotest HT200B<\/b><\/p>\n<p>Kompaktowy miernik c\u0119gowy HT200B zapewnia precyzyjny pomiar r\u00f3\u017cnych parametr\u00f3w. Wyposa\u017cony zosta\u0142 w pod\u015bwietlany wy\u015bwietlacz HD oraz szcz\u0119ki, kt\u00f3rych rozmiar wynosi do\u00a018 mm. Mimo niewielkich rozmiar\u00f3w zachwyca funkcjonalno\u015bci\u0105. Do jego zasilania niezb\u0119dne s\u0105 2 baterie AAA 1,5 V.<\/p>\n<p><b>Mierzy r\u00f3\u017cne parametry<\/b><\/p>\n<p>To niewielkie urz\u0105dzenie zaskakuje wieloma mo\u017cliwo\u015bciami. Za jego pomoc\u0105 dok\u0142adnie zmierzysz napi\u0119cie AC i DC, nat\u0119\u017cenie AC oraz op\u00f3r. Sprawdzisz te\u017c ci\u0105g\u0142o\u015b\u0107. Mo\u017cesz r\u00f3wnie\u017c testowa\u0107 diody. Wyniki pomiar\u00f3w s\u0105 wy\u015bwietlane na czytelnym ekranie HD urz\u0105dzenia. Znajdziesz na nim r\u00f3wnie\u017c mi\u0119dzy innymi wska\u017anik niskiego poziomu baterii. Co wi\u0119cej, pod\u015bwietlenie wy\u015bwietlacza zmieni kolor na pomara\u0144czowy, kiedy warto\u015b\u0107 napi\u0119cia przekroczy 80 V lub nat\u0119\u017cenia 3 A.<\/p>\n<p><b>Dodatkowe udogodnienia<\/b><\/p>\n<p>Urz\u0105dzenie umo\u017cliwia przechowywanie danych. Dost\u0119p do tej oraz innych funkcji zapewniaj\u0105 wygodne, intuicyjne przyciski. Obs\u0142ug\u0119 HT200B u\u0142atwia te\u017c wbudowane pokr\u0119t\u0142o. Rozstaw szcz\u0119k miernika wynosi do&nbsp;18 mm, wykorzystasz go zatem w wielu r\u00f3\u017cnych zastosowaniach. Urz\u0105dzenie jest te\u017c niesamowicie por\u0119czne i lekkie &#8211; wa\u017cy tylko 150 g. Doskonale le\u017cy w d\u0142oni i zapewnia komfort u\u017cytkowania. Jego niewielki rozmiar sprawia, \u017ce mo\u017cesz mie\u0107 je zawsze przy sobie. Po prostu spakuj je torby i zabierz wsz\u0119dzie, gdzie Ci si\u0119 przyda.<\/p>\n<p><b>Specyfikacja<\/b><\/p>\n<ul>\n<li><b>Producent:<\/b> Habotest<\/li>\n<li><b>Model:<\/b> HT200B<\/li>\n<li><b>Zakres pomiaru napi\u0119cia DC:<\/b> 200 mV\/2 V\/20 V\/200 V\/600 V \u00b1(0,5%+5)<\/li>\n<li><b>Pomiar napi\u0119cia AC:<\/b> 2 V\/20 V\/200 V\/600 V, \u00b1(1,0%+5)<\/li>\n<li><b>Pomiar nat\u0119\u017cenia AC:<\/b> 2 A\/20 A\/200 A, \u00b1(2,5%+8)<\/li>\n<li><b>Pomiar oporu:<\/b> 200&nbsp;\u03a9\/2&nbsp;k\u03a9\/20 k\u03a9\/200 k\u03a9\/2 M\u03a9\/20 M\u03a9, \u00b1(1,0%+5)<\/li>\n<li><b>Pomiar pojemno\u015bci:<\/b> 20 nF\/200 nF\/2 uF\/20 uF\/200&nbsp;uF\/2 mF, \u00b1(4.0%+5)<\/li>\n<li><b>Liczba zlicze\u0144:<\/b> 2000<\/li>\n<li><b>Przechowywanie danych:<\/b> Tak<\/li>\n<li><b>Ci\u0105g\u0142o\u015b\u0107:<\/b> Tak, alarm d\u017awi\u0119kowy i \u015bwietlny<\/li>\n<li><b>Testowanie diod:<\/b> Tak<\/li>\n<li><b>Prawdziwa warto\u015b\u0107 RMS:<\/b> Tak<\/li>\n<li><b>Wska\u017anik niskiego poziomu baterii:<\/b> Tak<\/li>\n<li><b>Dwukolorowe pod\u015bwietlenie:<\/b> Tak<\/li>\n<li><b>Automatyczne wy\u0142\u0105czanie:<\/b> Tak<\/li>\n<li><b>MAX:<\/b> Tak<\/li>\n<li><b>Zasilanie:<\/b> 2x bateria AAA 1,5 V (w zestawie)<\/li>\n<li><b>Waga:<\/b> Ok. 150 g<\/li>\n<li><b>Wymiary:<\/b> 164x61x30 mm<\/li>\n<li><b>Rozmiar szcz\u0119k:<\/b> \u00d818&#215;36&nbsp;mm<\/li>\n<li><b>Bezpiecze\u0144stwo:<\/b> EN61010-1 -2-030; EN61010-2-033, EN61326-1 CAT III 600V<\/li>\n<\/ul>\n","protected":false},"excerpt":{"rendered":"<p>Cyfrowy miernik c\u0119gowy Habotest HT200B Miernik c\u0119gowy Habotest HT200B Kompaktowy miernik c\u0119gowy HT200B zapewnia precyzyjny pomiar r\u00f3\u017cnych parametr\u00f3w. Wyposa\u017cony zosta\u0142 w pod\u015bwietlany wy\u015bwietlacz HD oraz szcz\u0119ki, kt\u00f3rych rozmiar wynosi do\u00a018 mm. Mimo niewielkich rozmiar\u00f3w zachwyca funkcjonalno\u015bci\u0105. Do jego zasilania niezb\u0119dne s\u0105 2 baterie AAA 1,5 V. Mierzy r\u00f3\u017cne parametry To niewielkie urz\u0105dzenie zaskakuje wieloma mo\u017cliwo\u015bciami. [&hellip;]<\/p>\n","protected":false},"featured_media":944,"comment_status":"open","ping_status":"closed","template":"","meta":[],"product_brand":[51],"product_cat":[22],"product_tag":[],"class_list":{"0":"post-940","1":"product","2":"type-product","3":"status-publish","4":"has-post-thumbnail","6":"product_brand-habotest","7":"product_cat-elektronika","9":"first","10":"instock","11":"taxable","12":"shipping-taxable","13":"purchasable","14":"product-type-simple"},"yoast_head":"<!-- This site is optimized with the Yoast SEO plugin v27.3 - https:\/\/yoast.com\/product\/yoast-seo-wordpress\/ -->\n<title>CYFROWY MIERNIK C\u0118GOWY HABOTEST HT200B AC\/DC - Mix Market - Supermarket z wszystkim co potrzeba<\/title>\n<meta name=\"robots\" content=\"index, follow, max-snippet:-1, max-image-preview:large, max-video-preview:-1\" \/>\n<link rel=\"canonical\" href=\"https:\/\/racom.com.pl\/index.php\/produkt\/cyfrowy-miernik-cegowy-habotest-ht200b-ac-dc\/\" \/>\n<meta property=\"og:locale\" content=\"pl_PL\" \/>\n<meta property=\"og:type\" content=\"article\" \/>\n<meta property=\"og:title\" content=\"CYFROWY MIERNIK C\u0118GOWY HABOTEST HT200B AC\/DC - Mix Market - Supermarket z wszystkim co potrzeba\" \/>\n<meta property=\"og:description\" content=\"Cyfrowy miernik c\u0119gowy Habotest HT200B Miernik c\u0119gowy Habotest HT200B Kompaktowy miernik c\u0119gowy HT200B zapewnia precyzyjny pomiar r\u00f3\u017cnych parametr\u00f3w. Wyposa\u017cony zosta\u0142 w pod\u015bwietlany wy\u015bwietlacz HD oraz szcz\u0119ki, kt\u00f3rych rozmiar wynosi do\u00a018 mm. Mimo niewielkich rozmiar\u00f3w zachwyca funkcjonalno\u015bci\u0105. Do jego zasilania niezb\u0119dne s\u0105 2 baterie AAA 1,5 V. Mierzy r\u00f3\u017cne parametry To niewielkie urz\u0105dzenie zaskakuje wieloma mo\u017cliwo\u015bciami. [&hellip;]\" \/>\n<meta property=\"og:url\" content=\"https:\/\/racom.com.pl\/index.php\/produkt\/cyfrowy-miernik-cegowy-habotest-ht200b-ac-dc\/\" \/>\n<meta property=\"og:site_name\" content=\"Mix Market - Supermarket z wszystkim co potrzeba\" \/>\n<meta property=\"og:image\" content=\"https:\/\/racom.com.pl\/wp-content\/uploads\/2025\/07\/allegro_687a770cec6149.68149178_9a95d7c140eead857b99e2cada20.jpg\" \/>\n\t<meta property=\"og:image:width\" content=\"1100\" \/>\n\t<meta property=\"og:image:height\" content=\"700\" \/>\n\t<meta property=\"og:image:type\" content=\"image\/jpeg\" \/>\n<meta name=\"twitter:card\" content=\"summary_large_image\" \/>\n<meta name=\"twitter:label1\" content=\"Szacowany czas czytania\" \/>\n\t<meta name=\"twitter:data1\" content=\"2 minuty\" \/>\n<script type=\"application\/ld+json\" class=\"yoast-schema-graph\">{\"@context\":\"https:\\\/\\\/schema.org\",\"@graph\":[{\"@type\":\"WebPage\",\"@id\":\"https:\\\/\\\/racom.com.pl\\\/index.php\\\/produkt\\\/cyfrowy-miernik-cegowy-habotest-ht200b-ac-dc\\\/\",\"url\":\"https:\\\/\\\/racom.com.pl\\\/index.php\\\/produkt\\\/cyfrowy-miernik-cegowy-habotest-ht200b-ac-dc\\\/\",\"name\":\"CYFROWY MIERNIK C\u0118GOWY HABOTEST HT200B AC\\\/DC - Mix Market - Supermarket z wszystkim co potrzeba\",\"isPartOf\":{\"@id\":\"https:\\\/\\\/racom.com.pl\\\/#website\"},\"primaryImageOfPage\":{\"@id\":\"https:\\\/\\\/racom.com.pl\\\/index.php\\\/produkt\\\/cyfrowy-miernik-cegowy-habotest-ht200b-ac-dc\\\/#primaryimage\"},\"image\":{\"@id\":\"https:\\\/\\\/racom.com.pl\\\/index.php\\\/produkt\\\/cyfrowy-miernik-cegowy-habotest-ht200b-ac-dc\\\/#primaryimage\"},\"thumbnailUrl\":\"https:\\\/\\\/racom.com.pl\\\/wp-content\\\/uploads\\\/2025\\\/07\\\/allegro_687a770cec6149.68149178_9a95d7c140eead857b99e2cada20.jpg\",\"datePublished\":\"2025-07-18T16:31:48+00:00\",\"breadcrumb\":{\"@id\":\"https:\\\/\\\/racom.com.pl\\\/index.php\\\/produkt\\\/cyfrowy-miernik-cegowy-habotest-ht200b-ac-dc\\\/#breadcrumb\"},\"inLanguage\":\"pl-PL\",\"potentialAction\":[{\"@type\":\"ReadAction\",\"target\":[\"https:\\\/\\\/racom.com.pl\\\/index.php\\\/produkt\\\/cyfrowy-miernik-cegowy-habotest-ht200b-ac-dc\\\/\"]}]},{\"@type\":\"ImageObject\",\"inLanguage\":\"pl-PL\",\"@id\":\"https:\\\/\\\/racom.com.pl\\\/index.php\\\/produkt\\\/cyfrowy-miernik-cegowy-habotest-ht200b-ac-dc\\\/#primaryimage\",\"url\":\"https:\\\/\\\/racom.com.pl\\\/wp-content\\\/uploads\\\/2025\\\/07\\\/allegro_687a770cec6149.68149178_9a95d7c140eead857b99e2cada20.jpg\",\"contentUrl\":\"https:\\\/\\\/racom.com.pl\\\/wp-content\\\/uploads\\\/2025\\\/07\\\/allegro_687a770cec6149.68149178_9a95d7c140eead857b99e2cada20.jpg\",\"width\":1100,\"height\":700},{\"@type\":\"BreadcrumbList\",\"@id\":\"https:\\\/\\\/racom.com.pl\\\/index.php\\\/produkt\\\/cyfrowy-miernik-cegowy-habotest-ht200b-ac-dc\\\/#breadcrumb\",\"itemListElement\":[{\"@type\":\"ListItem\",\"position\":1,\"name\":\"Strona g\u0142\u00f3wna\",\"item\":\"https:\\\/\\\/racom.com.pl\\\/\"},{\"@type\":\"ListItem\",\"position\":2,\"name\":\"Sklep\",\"item\":\"https:\\\/\\\/racom.com.pl\\\/\"},{\"@type\":\"ListItem\",\"position\":3,\"name\":\"CYFROWY MIERNIK C\u0118GOWY HABOTEST HT200B AC\\\/DC\"}]},{\"@type\":\"WebSite\",\"@id\":\"https:\\\/\\\/racom.com.pl\\\/#website\",\"url\":\"https:\\\/\\\/racom.com.pl\\\/\",\"name\":\"Mix Market - Supermarket z wszystkim co potrzeba do domu i nie tylko\",\"description\":\"\",\"publisher\":{\"@id\":\"https:\\\/\\\/racom.com.pl\\\/#organization\"},\"potentialAction\":[{\"@type\":\"SearchAction\",\"target\":{\"@type\":\"EntryPoint\",\"urlTemplate\":\"https:\\\/\\\/racom.com.pl\\\/?s={search_term_string}\"},\"query-input\":{\"@type\":\"PropertyValueSpecification\",\"valueRequired\":true,\"valueName\":\"search_term_string\"}}],\"inLanguage\":\"pl-PL\"},{\"@type\":\"Organization\",\"@id\":\"https:\\\/\\\/racom.com.pl\\\/#organization\",\"name\":\"Mix Market - Supermarket z wszystkim co potrzeba do domu i nie tylko\",\"url\":\"https:\\\/\\\/racom.com.pl\\\/\",\"logo\":{\"@type\":\"ImageObject\",\"inLanguage\":\"pl-PL\",\"@id\":\"https:\\\/\\\/racom.com.pl\\\/#\\\/schema\\\/logo\\\/image\\\/\",\"url\":\"https:\\\/\\\/racom.com.pl\\\/wp-content\\\/uploads\\\/2025\\\/07\\\/mixmarket_logo.png\",\"contentUrl\":\"https:\\\/\\\/racom.com.pl\\\/wp-content\\\/uploads\\\/2025\\\/07\\\/mixmarket_logo.png\",\"width\":1024,\"height\":1024,\"caption\":\"Mix Market - Supermarket z wszystkim co potrzeba do domu i nie tylko\"},\"image\":{\"@id\":\"https:\\\/\\\/racom.com.pl\\\/#\\\/schema\\\/logo\\\/image\\\/\"}}]}<\/script>\n<!-- \/ Yoast SEO plugin. -->","yoast_head_json":{"title":"CYFROWY MIERNIK C\u0118GOWY HABOTEST HT200B AC\/DC - Mix Market - Supermarket z wszystkim co potrzeba","robots":{"index":"index","follow":"follow","max-snippet":"max-snippet:-1","max-image-preview":"max-image-preview:large","max-video-preview":"max-video-preview:-1"},"canonical":"https:\/\/racom.com.pl\/index.php\/produkt\/cyfrowy-miernik-cegowy-habotest-ht200b-ac-dc\/","og_locale":"pl_PL","og_type":"article","og_title":"CYFROWY MIERNIK C\u0118GOWY HABOTEST HT200B AC\/DC - Mix Market - Supermarket z wszystkim co potrzeba","og_description":"Cyfrowy miernik c\u0119gowy Habotest HT200B Miernik c\u0119gowy Habotest HT200B Kompaktowy miernik c\u0119gowy HT200B zapewnia precyzyjny pomiar r\u00f3\u017cnych parametr\u00f3w. Wyposa\u017cony zosta\u0142 w pod\u015bwietlany wy\u015bwietlacz HD oraz szcz\u0119ki, kt\u00f3rych rozmiar wynosi do\u00a018 mm. Mimo niewielkich rozmiar\u00f3w zachwyca funkcjonalno\u015bci\u0105. Do jego zasilania niezb\u0119dne s\u0105 2 baterie AAA 1,5 V. Mierzy r\u00f3\u017cne parametry To niewielkie urz\u0105dzenie zaskakuje wieloma mo\u017cliwo\u015bciami. [&hellip;]","og_url":"https:\/\/racom.com.pl\/index.php\/produkt\/cyfrowy-miernik-cegowy-habotest-ht200b-ac-dc\/","og_site_name":"Mix Market - Supermarket z wszystkim co potrzeba","og_image":[{"width":1100,"height":700,"url":"https:\/\/racom.com.pl\/wp-content\/uploads\/2025\/07\/allegro_687a770cec6149.68149178_9a95d7c140eead857b99e2cada20.jpg","type":"image\/jpeg"}],"twitter_card":"summary_large_image","twitter_misc":{"Szacowany czas czytania":"2 minuty"},"schema":{"@context":"https:\/\/schema.org","@graph":[{"@type":"WebPage","@id":"https:\/\/racom.com.pl\/index.php\/produkt\/cyfrowy-miernik-cegowy-habotest-ht200b-ac-dc\/","url":"https:\/\/racom.com.pl\/index.php\/produkt\/cyfrowy-miernik-cegowy-habotest-ht200b-ac-dc\/","name":"CYFROWY MIERNIK C\u0118GOWY HABOTEST HT200B AC\/DC - Mix Market - Supermarket z wszystkim co potrzeba","isPartOf":{"@id":"https:\/\/racom.com.pl\/#website"},"primaryImageOfPage":{"@id":"https:\/\/racom.com.pl\/index.php\/produkt\/cyfrowy-miernik-cegowy-habotest-ht200b-ac-dc\/#primaryimage"},"image":{"@id":"https:\/\/racom.com.pl\/index.php\/produkt\/cyfrowy-miernik-cegowy-habotest-ht200b-ac-dc\/#primaryimage"},"thumbnailUrl":"https:\/\/racom.com.pl\/wp-content\/uploads\/2025\/07\/allegro_687a770cec6149.68149178_9a95d7c140eead857b99e2cada20.jpg","datePublished":"2025-07-18T16:31:48+00:00","breadcrumb":{"@id":"https:\/\/racom.com.pl\/index.php\/produkt\/cyfrowy-miernik-cegowy-habotest-ht200b-ac-dc\/#breadcrumb"},"inLanguage":"pl-PL","potentialAction":[{"@type":"ReadAction","target":["https:\/\/racom.com.pl\/index.php\/produkt\/cyfrowy-miernik-cegowy-habotest-ht200b-ac-dc\/"]}]},{"@type":"ImageObject","inLanguage":"pl-PL","@id":"https:\/\/racom.com.pl\/index.php\/produkt\/cyfrowy-miernik-cegowy-habotest-ht200b-ac-dc\/#primaryimage","url":"https:\/\/racom.com.pl\/wp-content\/uploads\/2025\/07\/allegro_687a770cec6149.68149178_9a95d7c140eead857b99e2cada20.jpg","contentUrl":"https:\/\/racom.com.pl\/wp-content\/uploads\/2025\/07\/allegro_687a770cec6149.68149178_9a95d7c140eead857b99e2cada20.jpg","width":1100,"height":700},{"@type":"BreadcrumbList","@id":"https:\/\/racom.com.pl\/index.php\/produkt\/cyfrowy-miernik-cegowy-habotest-ht200b-ac-dc\/#breadcrumb","itemListElement":[{"@type":"ListItem","position":1,"name":"Strona g\u0142\u00f3wna","item":"https:\/\/racom.com.pl\/"},{"@type":"ListItem","position":2,"name":"Sklep","item":"https:\/\/racom.com.pl\/"},{"@type":"ListItem","position":3,"name":"CYFROWY MIERNIK C\u0118GOWY HABOTEST HT200B AC\/DC"}]},{"@type":"WebSite","@id":"https:\/\/racom.com.pl\/#website","url":"https:\/\/racom.com.pl\/","name":"Mix Market - Supermarket z wszystkim co potrzeba do domu i nie tylko","description":"","publisher":{"@id":"https:\/\/racom.com.pl\/#organization"},"potentialAction":[{"@type":"SearchAction","target":{"@type":"EntryPoint","urlTemplate":"https:\/\/racom.com.pl\/?s={search_term_string}"},"query-input":{"@type":"PropertyValueSpecification","valueRequired":true,"valueName":"search_term_string"}}],"inLanguage":"pl-PL"},{"@type":"Organization","@id":"https:\/\/racom.com.pl\/#organization","name":"Mix Market - Supermarket z wszystkim co potrzeba do domu i nie tylko","url":"https:\/\/racom.com.pl\/","logo":{"@type":"ImageObject","inLanguage":"pl-PL","@id":"https:\/\/racom.com.pl\/#\/schema\/logo\/image\/","url":"https:\/\/racom.com.pl\/wp-content\/uploads\/2025\/07\/mixmarket_logo.png","contentUrl":"https:\/\/racom.com.pl\/wp-content\/uploads\/2025\/07\/mixmarket_logo.png","width":1024,"height":1024,"caption":"Mix Market - Supermarket z wszystkim co potrzeba do domu i nie tylko"},"image":{"@id":"https:\/\/racom.com.pl\/#\/schema\/logo\/image\/"}}]}},"_links":{"self":[{"href":"https:\/\/racom.com.pl\/index.php\/wp-json\/wp\/v2\/product\/940","targetHints":{"allow":["GET"]}}],"collection":[{"href":"https:\/\/racom.com.pl\/index.php\/wp-json\/wp\/v2\/product"}],"about":[{"href":"https:\/\/racom.com.pl\/index.php\/wp-json\/wp\/v2\/types\/product"}],"replies":[{"embeddable":true,"href":"https:\/\/racom.com.pl\/index.php\/wp-json\/wp\/v2\/comments?post=940"}],"wp:featuredmedia":[{"embeddable":true,"href":"https:\/\/racom.com.pl\/index.php\/wp-json\/wp\/v2\/media\/944"}],"wp:attachment":[{"href":"https:\/\/racom.com.pl\/index.php\/wp-json\/wp\/v2\/media?parent=940"}],"wp:term":[{"taxonomy":"product_brand","embeddable":true,"href":"https:\/\/racom.com.pl\/index.php\/wp-json\/wp\/v2\/product_brand?post=940"},{"taxonomy":"product_cat","embeddable":true,"href":"https:\/\/racom.com.pl\/index.php\/wp-json\/wp\/v2\/product_cat?post=940"},{"taxonomy":"product_tag","embeddable":true,"href":"https:\/\/racom.com.pl\/index.php\/wp-json\/wp\/v2\/product_tag?post=940"}],"curies":[{"name":"wp","href":"https:\/\/api.w.org\/{rel}","templated":true}]}}