{"id":954,"date":"2025-07-18T18:33:09","date_gmt":"2025-07-18T16:33:09","guid":{"rendered":"http:\/\/192.168.2.106\/index.php\/produkt\/filtr-do-odkurzacza-dyson-v7-v8-zestaw-4el-2\/"},"modified":"2025-07-18T18:33:09","modified_gmt":"2025-07-18T16:33:09","slug":"filtr-do-odkurzacza-dyson-v7-v8-zestaw-4el-2","status":"publish","type":"product","link":"https:\/\/racom.com.pl\/index.php\/produkt\/filtr-do-odkurzacza-dyson-v7-v8-zestaw-4el-2\/","title":{"rendered":"FILTR DO ODKURZACZA DYSON V7 V8 ZESTAW 4el"},"content":{"rendered":"<p><b>ZESTAW FILTR\u00d3W DO DYSON V7 V8<\/b><\/p>\n<p>Wysokiej jako\u015bci zamiennik filtra do odkurzacza <b>DYSON<\/b><\/p>\n<p><b>Przeznaczony do serii V7, V8<\/b><\/p>\n<p>Filtry mo\u017cna my\u0107 pod bie\u017c\u0105c\u0105 wod\u0105.<\/p>\n<p>Zestaw zawiera 2 filtry wst\u0119pne, 1 filtr ko\u0144cowy i p\u0119dzel do czyszczenia.<\/p>\n<p>Instrukcja mycia:<\/p>\n<p>Krok 1 &#8211; Usuni\u0119cie filtra: upewnij si\u0119, \u017ce urz\u0105dzenie jest od\u0142\u0105czone od \u0142adowarki przed wyj\u0119ciem filtra.<\/p>\n<p>Krok 2 &#8211; Mycie filtra: przepuszcza\u0107 wod\u0119 na zewn\u0105trz filtra, a\u017c woda b\u0119dzie czysta.<\/p>\n<p>Krok 3 &#8211; Osuszanie filtra: pozostawi\u0107 do ca\u0142kowitego wyschni\u0119cia na minimum 24 godziny.<\/p>\n<p>Krok 4 &#8211; Wymiana filtra: zamontuj i umie\u015b\u0107 suchy filtr z powrotem w g\u00f3rnej cz\u0119\u015bci urz\u0105dzenia.<\/p>\n<p>Kod produktu: B136<\/p>\n","protected":false},"excerpt":{"rendered":"<p>ZESTAW FILTR\u00d3W DO DYSON V7 V8 Wysokiej jako\u015bci zamiennik filtra do odkurzacza DYSON Przeznaczony do serii V7, V8 Filtry mo\u017cna my\u0107 pod bie\u017c\u0105c\u0105 wod\u0105. Zestaw zawiera 2 filtry wst\u0119pne, 1 filtr ko\u0144cowy i p\u0119dzel do czyszczenia. Instrukcja mycia: Krok 1 &#8211; Usuni\u0119cie filtra: upewnij si\u0119, \u017ce urz\u0105dzenie jest od\u0142\u0105czone od \u0142adowarki przed wyj\u0119ciem filtra. Krok [&hellip;]<\/p>\n","protected":false},"featured_media":160,"comment_status":"open","ping_status":"closed","template":"","meta":[],"product_brand":[],"product_cat":[32],"product_tag":[],"class_list":{"0":"post-954","1":"product","2":"type-product","3":"status-publish","4":"has-post-thumbnail","6":"product_cat-agd-drobne","8":"first","9":"instock","10":"taxable","11":"shipping-taxable","12":"purchasable","13":"product-type-simple"},"yoast_head":"<!-- This site is optimized with the Yoast SEO plugin v27.3 - https:\/\/yoast.com\/product\/yoast-seo-wordpress\/ -->\n<title>FILTR DO ODKURZACZA DYSON V7 V8 ZESTAW 4el - Mix Market - Supermarket z wszystkim co potrzeba<\/title>\n<meta name=\"robots\" content=\"index, follow, max-snippet:-1, max-image-preview:large, max-video-preview:-1\" \/>\n<link rel=\"canonical\" href=\"https:\/\/racom.com.pl\/index.php\/produkt\/filtr-do-odkurzacza-dyson-v7-v8-zestaw-4el-2\/\" \/>\n<meta property=\"og:locale\" content=\"pl_PL\" \/>\n<meta property=\"og:type\" content=\"article\" \/>\n<meta property=\"og:title\" content=\"FILTR DO ODKURZACZA DYSON V7 V8 ZESTAW 4el - Mix Market - Supermarket z wszystkim co potrzeba\" \/>\n<meta property=\"og:description\" content=\"ZESTAW FILTR\u00d3W DO DYSON V7 V8 Wysokiej jako\u015bci zamiennik filtra do odkurzacza DYSON Przeznaczony do serii V7, V8 Filtry mo\u017cna my\u0107 pod bie\u017c\u0105c\u0105 wod\u0105. Zestaw zawiera 2 filtry wst\u0119pne, 1 filtr ko\u0144cowy i p\u0119dzel do czyszczenia. Instrukcja mycia: Krok 1 &#8211; Usuni\u0119cie filtra: upewnij si\u0119, \u017ce urz\u0105dzenie jest od\u0142\u0105czone od \u0142adowarki przed wyj\u0119ciem filtra. Krok [&hellip;]\" \/>\n<meta property=\"og:url\" content=\"https:\/\/racom.com.pl\/index.php\/produkt\/filtr-do-odkurzacza-dyson-v7-v8-zestaw-4el-2\/\" \/>\n<meta property=\"og:site_name\" content=\"Mix Market - Supermarket z wszystkim co potrzeba\" \/>\n<meta property=\"og:image\" content=\"https:\/\/racom.com.pl\/wp-content\/uploads\/2025\/07\/allegro_687a64ded60932.72288857_dfd78a6b4e39a5cd6e30c5ac288e.jpg\" \/>\n\t<meta property=\"og:image:width\" content=\"1024\" \/>\n\t<meta property=\"og:image:height\" content=\"759\" \/>\n\t<meta property=\"og:image:type\" content=\"image\/jpeg\" \/>\n<meta name=\"twitter:card\" content=\"summary_large_image\" \/>\n<meta name=\"twitter:label1\" content=\"Szacowany czas czytania\" \/>\n\t<meta name=\"twitter:data1\" content=\"1 minuta\" \/>\n<script type=\"application\/ld+json\" class=\"yoast-schema-graph\">{\"@context\":\"https:\\\/\\\/schema.org\",\"@graph\":[{\"@type\":\"WebPage\",\"@id\":\"https:\\\/\\\/racom.com.pl\\\/index.php\\\/produkt\\\/filtr-do-odkurzacza-dyson-v7-v8-zestaw-4el-2\\\/\",\"url\":\"https:\\\/\\\/racom.com.pl\\\/index.php\\\/produkt\\\/filtr-do-odkurzacza-dyson-v7-v8-zestaw-4el-2\\\/\",\"name\":\"FILTR DO ODKURZACZA DYSON V7 V8 ZESTAW 4el - Mix Market - Supermarket z wszystkim co potrzeba\",\"isPartOf\":{\"@id\":\"https:\\\/\\\/racom.com.pl\\\/#website\"},\"primaryImageOfPage\":{\"@id\":\"https:\\\/\\\/racom.com.pl\\\/index.php\\\/produkt\\\/filtr-do-odkurzacza-dyson-v7-v8-zestaw-4el-2\\\/#primaryimage\"},\"image\":{\"@id\":\"https:\\\/\\\/racom.com.pl\\\/index.php\\\/produkt\\\/filtr-do-odkurzacza-dyson-v7-v8-zestaw-4el-2\\\/#primaryimage\"},\"thumbnailUrl\":\"https:\\\/\\\/racom.com.pl\\\/wp-content\\\/uploads\\\/2025\\\/07\\\/allegro_687a64ded60932.72288857_dfd78a6b4e39a5cd6e30c5ac288e.jpg\",\"datePublished\":\"2025-07-18T16:33:09+00:00\",\"breadcrumb\":{\"@id\":\"https:\\\/\\\/racom.com.pl\\\/index.php\\\/produkt\\\/filtr-do-odkurzacza-dyson-v7-v8-zestaw-4el-2\\\/#breadcrumb\"},\"inLanguage\":\"pl-PL\",\"potentialAction\":[{\"@type\":\"ReadAction\",\"target\":[\"https:\\\/\\\/racom.com.pl\\\/index.php\\\/produkt\\\/filtr-do-odkurzacza-dyson-v7-v8-zestaw-4el-2\\\/\"]}]},{\"@type\":\"ImageObject\",\"inLanguage\":\"pl-PL\",\"@id\":\"https:\\\/\\\/racom.com.pl\\\/index.php\\\/produkt\\\/filtr-do-odkurzacza-dyson-v7-v8-zestaw-4el-2\\\/#primaryimage\",\"url\":\"https:\\\/\\\/racom.com.pl\\\/wp-content\\\/uploads\\\/2025\\\/07\\\/allegro_687a64ded60932.72288857_dfd78a6b4e39a5cd6e30c5ac288e.jpg\",\"contentUrl\":\"https:\\\/\\\/racom.com.pl\\\/wp-content\\\/uploads\\\/2025\\\/07\\\/allegro_687a64ded60932.72288857_dfd78a6b4e39a5cd6e30c5ac288e.jpg\",\"width\":1024,\"height\":759},{\"@type\":\"BreadcrumbList\",\"@id\":\"https:\\\/\\\/racom.com.pl\\\/index.php\\\/produkt\\\/filtr-do-odkurzacza-dyson-v7-v8-zestaw-4el-2\\\/#breadcrumb\",\"itemListElement\":[{\"@type\":\"ListItem\",\"position\":1,\"name\":\"Strona g\u0142\u00f3wna\",\"item\":\"https:\\\/\\\/racom.com.pl\\\/\"},{\"@type\":\"ListItem\",\"position\":2,\"name\":\"Sklep\",\"item\":\"https:\\\/\\\/racom.com.pl\\\/\"},{\"@type\":\"ListItem\",\"position\":3,\"name\":\"FILTR DO ODKURZACZA DYSON V7 V8 ZESTAW 4el\"}]},{\"@type\":\"WebSite\",\"@id\":\"https:\\\/\\\/racom.com.pl\\\/#website\",\"url\":\"https:\\\/\\\/racom.com.pl\\\/\",\"name\":\"Mix Market - Supermarket z wszystkim co potrzeba do domu i nie tylko\",\"description\":\"\",\"publisher\":{\"@id\":\"https:\\\/\\\/racom.com.pl\\\/#organization\"},\"potentialAction\":[{\"@type\":\"SearchAction\",\"target\":{\"@type\":\"EntryPoint\",\"urlTemplate\":\"https:\\\/\\\/racom.com.pl\\\/?s={search_term_string}\"},\"query-input\":{\"@type\":\"PropertyValueSpecification\",\"valueRequired\":true,\"valueName\":\"search_term_string\"}}],\"inLanguage\":\"pl-PL\"},{\"@type\":\"Organization\",\"@id\":\"https:\\\/\\\/racom.com.pl\\\/#organization\",\"name\":\"Mix Market - Supermarket z wszystkim co potrzeba do domu i nie tylko\",\"url\":\"https:\\\/\\\/racom.com.pl\\\/\",\"logo\":{\"@type\":\"ImageObject\",\"inLanguage\":\"pl-PL\",\"@id\":\"https:\\\/\\\/racom.com.pl\\\/#\\\/schema\\\/logo\\\/image\\\/\",\"url\":\"https:\\\/\\\/racom.com.pl\\\/wp-content\\\/uploads\\\/2025\\\/07\\\/mixmarket_logo.png\",\"contentUrl\":\"https:\\\/\\\/racom.com.pl\\\/wp-content\\\/uploads\\\/2025\\\/07\\\/mixmarket_logo.png\",\"width\":1024,\"height\":1024,\"caption\":\"Mix Market - Supermarket z wszystkim co potrzeba do domu i nie tylko\"},\"image\":{\"@id\":\"https:\\\/\\\/racom.com.pl\\\/#\\\/schema\\\/logo\\\/image\\\/\"}}]}<\/script>\n<!-- \/ Yoast SEO plugin. -->","yoast_head_json":{"title":"FILTR DO ODKURZACZA DYSON V7 V8 ZESTAW 4el - Mix Market - Supermarket z wszystkim co potrzeba","robots":{"index":"index","follow":"follow","max-snippet":"max-snippet:-1","max-image-preview":"max-image-preview:large","max-video-preview":"max-video-preview:-1"},"canonical":"https:\/\/racom.com.pl\/index.php\/produkt\/filtr-do-odkurzacza-dyson-v7-v8-zestaw-4el-2\/","og_locale":"pl_PL","og_type":"article","og_title":"FILTR DO ODKURZACZA DYSON V7 V8 ZESTAW 4el - Mix Market - Supermarket z wszystkim co potrzeba","og_description":"ZESTAW FILTR\u00d3W DO DYSON V7 V8 Wysokiej jako\u015bci zamiennik filtra do odkurzacza DYSON Przeznaczony do serii V7, V8 Filtry mo\u017cna my\u0107 pod bie\u017c\u0105c\u0105 wod\u0105. Zestaw zawiera 2 filtry wst\u0119pne, 1 filtr ko\u0144cowy i p\u0119dzel do czyszczenia. Instrukcja mycia: Krok 1 &#8211; Usuni\u0119cie filtra: upewnij si\u0119, \u017ce urz\u0105dzenie jest od\u0142\u0105czone od \u0142adowarki przed wyj\u0119ciem filtra. Krok [&hellip;]","og_url":"https:\/\/racom.com.pl\/index.php\/produkt\/filtr-do-odkurzacza-dyson-v7-v8-zestaw-4el-2\/","og_site_name":"Mix Market - Supermarket z wszystkim co potrzeba","og_image":[{"width":1024,"height":759,"url":"https:\/\/racom.com.pl\/wp-content\/uploads\/2025\/07\/allegro_687a64ded60932.72288857_dfd78a6b4e39a5cd6e30c5ac288e.jpg","type":"image\/jpeg"}],"twitter_card":"summary_large_image","twitter_misc":{"Szacowany czas czytania":"1 minuta"},"schema":{"@context":"https:\/\/schema.org","@graph":[{"@type":"WebPage","@id":"https:\/\/racom.com.pl\/index.php\/produkt\/filtr-do-odkurzacza-dyson-v7-v8-zestaw-4el-2\/","url":"https:\/\/racom.com.pl\/index.php\/produkt\/filtr-do-odkurzacza-dyson-v7-v8-zestaw-4el-2\/","name":"FILTR DO ODKURZACZA DYSON V7 V8 ZESTAW 4el - Mix Market - Supermarket z wszystkim co potrzeba","isPartOf":{"@id":"https:\/\/racom.com.pl\/#website"},"primaryImageOfPage":{"@id":"https:\/\/racom.com.pl\/index.php\/produkt\/filtr-do-odkurzacza-dyson-v7-v8-zestaw-4el-2\/#primaryimage"},"image":{"@id":"https:\/\/racom.com.pl\/index.php\/produkt\/filtr-do-odkurzacza-dyson-v7-v8-zestaw-4el-2\/#primaryimage"},"thumbnailUrl":"https:\/\/racom.com.pl\/wp-content\/uploads\/2025\/07\/allegro_687a64ded60932.72288857_dfd78a6b4e39a5cd6e30c5ac288e.jpg","datePublished":"2025-07-18T16:33:09+00:00","breadcrumb":{"@id":"https:\/\/racom.com.pl\/index.php\/produkt\/filtr-do-odkurzacza-dyson-v7-v8-zestaw-4el-2\/#breadcrumb"},"inLanguage":"pl-PL","potentialAction":[{"@type":"ReadAction","target":["https:\/\/racom.com.pl\/index.php\/produkt\/filtr-do-odkurzacza-dyson-v7-v8-zestaw-4el-2\/"]}]},{"@type":"ImageObject","inLanguage":"pl-PL","@id":"https:\/\/racom.com.pl\/index.php\/produkt\/filtr-do-odkurzacza-dyson-v7-v8-zestaw-4el-2\/#primaryimage","url":"https:\/\/racom.com.pl\/wp-content\/uploads\/2025\/07\/allegro_687a64ded60932.72288857_dfd78a6b4e39a5cd6e30c5ac288e.jpg","contentUrl":"https:\/\/racom.com.pl\/wp-content\/uploads\/2025\/07\/allegro_687a64ded60932.72288857_dfd78a6b4e39a5cd6e30c5ac288e.jpg","width":1024,"height":759},{"@type":"BreadcrumbList","@id":"https:\/\/racom.com.pl\/index.php\/produkt\/filtr-do-odkurzacza-dyson-v7-v8-zestaw-4el-2\/#breadcrumb","itemListElement":[{"@type":"ListItem","position":1,"name":"Strona g\u0142\u00f3wna","item":"https:\/\/racom.com.pl\/"},{"@type":"ListItem","position":2,"name":"Sklep","item":"https:\/\/racom.com.pl\/"},{"@type":"ListItem","position":3,"name":"FILTR DO ODKURZACZA DYSON V7 V8 ZESTAW 4el"}]},{"@type":"WebSite","@id":"https:\/\/racom.com.pl\/#website","url":"https:\/\/racom.com.pl\/","name":"Mix Market - Supermarket z wszystkim co potrzeba do domu i nie tylko","description":"","publisher":{"@id":"https:\/\/racom.com.pl\/#organization"},"potentialAction":[{"@type":"SearchAction","target":{"@type":"EntryPoint","urlTemplate":"https:\/\/racom.com.pl\/?s={search_term_string}"},"query-input":{"@type":"PropertyValueSpecification","valueRequired":true,"valueName":"search_term_string"}}],"inLanguage":"pl-PL"},{"@type":"Organization","@id":"https:\/\/racom.com.pl\/#organization","name":"Mix Market - Supermarket z wszystkim co potrzeba do domu i nie tylko","url":"https:\/\/racom.com.pl\/","logo":{"@type":"ImageObject","inLanguage":"pl-PL","@id":"https:\/\/racom.com.pl\/#\/schema\/logo\/image\/","url":"https:\/\/racom.com.pl\/wp-content\/uploads\/2025\/07\/mixmarket_logo.png","contentUrl":"https:\/\/racom.com.pl\/wp-content\/uploads\/2025\/07\/mixmarket_logo.png","width":1024,"height":1024,"caption":"Mix Market - Supermarket z wszystkim co potrzeba do domu i nie tylko"},"image":{"@id":"https:\/\/racom.com.pl\/#\/schema\/logo\/image\/"}}]}},"_links":{"self":[{"href":"https:\/\/racom.com.pl\/index.php\/wp-json\/wp\/v2\/product\/954","targetHints":{"allow":["GET"]}}],"collection":[{"href":"https:\/\/racom.com.pl\/index.php\/wp-json\/wp\/v2\/product"}],"about":[{"href":"https:\/\/racom.com.pl\/index.php\/wp-json\/wp\/v2\/types\/product"}],"replies":[{"embeddable":true,"href":"https:\/\/racom.com.pl\/index.php\/wp-json\/wp\/v2\/comments?post=954"}],"wp:featuredmedia":[{"embeddable":true,"href":"https:\/\/racom.com.pl\/index.php\/wp-json\/wp\/v2\/media\/160"}],"wp:attachment":[{"href":"https:\/\/racom.com.pl\/index.php\/wp-json\/wp\/v2\/media?parent=954"}],"wp:term":[{"taxonomy":"product_brand","embeddable":true,"href":"https:\/\/racom.com.pl\/index.php\/wp-json\/wp\/v2\/product_brand?post=954"},{"taxonomy":"product_cat","embeddable":true,"href":"https:\/\/racom.com.pl\/index.php\/wp-json\/wp\/v2\/product_cat?post=954"},{"taxonomy":"product_tag","embeddable":true,"href":"https:\/\/racom.com.pl\/index.php\/wp-json\/wp\/v2\/product_tag?post=954"}],"curies":[{"name":"wp","href":"https:\/\/api.w.org\/{rel}","templated":true}]}}