{"id":968,"date":"2025-07-18T18:34:35","date_gmt":"2025-07-18T16:34:35","guid":{"rendered":"http:\/\/192.168.2.106\/index.php\/produkt\/folia-hydrozelowa-na-kazdy-telefon-anticrash\/"},"modified":"2025-07-18T18:34:35","modified_gmt":"2025-07-18T16:34:35","slug":"folia-hydrozelowa-na-kazdy-telefon-anticrash","status":"publish","type":"product","link":"https:\/\/racom.com.pl\/index.php\/produkt\/folia-hydrozelowa-na-kazdy-telefon-anticrash\/","title":{"rendered":"FOLIA HYDRO\u017bELOWA NA KA\u017bDY TELEFON ANTICRASH"},"content":{"rendered":"<h2>FOLIA HYDRO\u017bELOWA ANTICRASH V2 DEVIA NA KA\u017bDY TELEFON<\/h2>\n<p><b>Oferta dotyczy 1szt folii DEVIA na wubrany przez Klienta model telefonu.<\/b><\/p>\n<p>Chcesz aby Tw\u00f3j telefon by\u0142 w pe\u0142ni chroniony ?<\/p>\n<p>Szukasz innego&nbsp;rozwi\u0105zania ni\u017c zwyk\u0142e szk\u0142o hartowane?<\/p>\n<p>Chcesz takiego rozwi\u0105zania, kt\u00f3re w \u017caden spos\u00f3b&nbsp;<b>nie zmniejszy komfortu u\u017cytkowania<\/b>&nbsp;ekranu dotykowego i jednocze\u015bnie nie pogrubi za bardzo Twojego urz\u0105dzenia?<\/p>\n<p><b>OFERUJEMY FOLI\u0118 DO WIELU MODELI TELEFON\u00d3W.<\/b><\/p>\n<p><b>PO ZAKUPIE PROSIMY O INFORMACJ\u0118 Z PODANYM MODELEM TELEFONU.<\/b><\/p>\n<p><b>NASZE FOLIE S\u0104 WYCINANE NA MASZYNIE DEVIA<\/b><\/p>\n<p><b>MONTA\u017b FOLII W NASZYM SKLEPIE (BIA\u0141YSTOK) JEST ZA DARMO!<\/b><\/p>\n<p>Zaufaj marce Devia. W pe\u0142ni profesjonalna folia do ochrony Twojego telefonu.<\/p>\n<p><b>Wytniemy dla Ciebie Foli\u0119 na ka\u017cde urz\u0105dzenie!<\/b><\/p>\n<p>Maszyna laserowa firmy Devia posiada baz\u0119 oko\u0142o 5ty\u015b r\u00f3\u017cnych modeli smartfon\u00f3w a tak\u017ce smartwatch\u00f3w. Jeste\u015bmy w stanie oklei\u0107 dos\u0142ownie wszystko.<\/p>\n<h2>Telefon oraz Smartwach<\/h2>\n<ul>\n<li>iPhone, Samsung, Huawei, Xiaomi, Nokia, Meizu, Oukitel<\/li>\n<li>Apple Watch, Samsung Gear, Mi Band 4 lub Huawei GT<\/li>\n<\/ul>\n<p><b>Prz\u00f3d czy ty\u0142?\u00a0<\/b><b>Nie ma znaczenia &#8211; Wytniemy praktycznie wszystko<\/b><\/p>\n<p>Folia posiada idealnie doci\u0119te kraw\u0119dzie 3D, poch\u0142ania w kr\u00f3tkim czasie wszystkie b\u0105ble i niedoskona\u0142o\u015bci. Efekt jest niesamowity<\/p>\n<p><b>Bardzo prosimy o wskazanie w komentarzu modelu Twojego Telefonu!!<\/b><\/p>\n<p><b><\/b><\/p>\n<p>Dzi\u0119ki szerokiej gamie zastosowania plotera<b> jeste\u015bmy w stanie wyci\u0105\u0107 foli\u0119 ochronn\u0105 zar\u00f3wno na ekran jak i na ty\u0142 telefonu:<\/b><\/p>\n<p>Np.: Kupujesz 2 sztuki folii i w wiadomo\u015bci podajesz informacj\u0119:<\/p>\n<p>SAMSUNG A21S PRZ\u00d3D+TY\u0141<\/p>\n<p>Otrzymasz foli\u0119 na prz\u00f3d telefonu i na ty\u0142.<\/p>\n<p>Folie wycinane s\u0105 laserowo na ploterze Devia.\u00a0Ten nowoczesny ploter perfekcyjnie wycina foli\u0119, kt\u00f3ra <b>zabezpieczy smartfon, smartwatch, klasyczny zegarek, aparat fotograficzny, nawigacj\u0119, tablet i inne urz\u0105dzenia.<\/b> Konstruktorzy plotera pomy\u015bleli r\u00f3wnie\u017c o zakrzywionych ekranach nowoczesnych telefon\u00f3w, a specjalna formu\u0142a folii wype\u0142nia i wyg\u0142adza rysy na szybkach, zapewniaj\u0105c bezpiecze\u0144stwo urz\u0105dze\u0144 w przysz\u0142o\u015bci.<\/p>\n","protected":false},"excerpt":{"rendered":"<p>FOLIA HYDRO\u017bELOWA ANTICRASH V2 DEVIA NA KA\u017bDY TELEFON Oferta dotyczy 1szt folii DEVIA na wubrany przez Klienta model telefonu. Chcesz aby Tw\u00f3j telefon by\u0142 w pe\u0142ni chroniony ? Szukasz innego&nbsp;rozwi\u0105zania ni\u017c zwyk\u0142e szk\u0142o hartowane? Chcesz takiego rozwi\u0105zania, kt\u00f3re w \u017caden spos\u00f3b&nbsp;nie zmniejszy komfortu u\u017cytkowania&nbsp;ekranu dotykowego i jednocze\u015bnie nie pogrubi za bardzo Twojego urz\u0105dzenia? OFERUJEMY FOLI\u0118 [&hellip;]<\/p>\n","protected":false},"featured_media":972,"comment_status":"open","ping_status":"closed","template":"","meta":[],"product_brand":[],"product_cat":[26],"product_tag":[],"class_list":{"0":"post-968","1":"product","2":"type-product","3":"status-publish","4":"has-post-thumbnail","6":"product_cat-akcesoria-gsm","8":"first","9":"instock","10":"taxable","11":"shipping-taxable","12":"purchasable","13":"product-type-simple"},"yoast_head":"<!-- This site is optimized with the Yoast SEO plugin v27.3 - https:\/\/yoast.com\/product\/yoast-seo-wordpress\/ -->\n<title>FOLIA HYDRO\u017bELOWA NA KA\u017bDY TELEFON ANTICRASH - Mix Market - Supermarket z wszystkim co potrzeba<\/title>\n<meta name=\"robots\" content=\"index, follow, max-snippet:-1, max-image-preview:large, max-video-preview:-1\" \/>\n<link rel=\"canonical\" href=\"https:\/\/racom.com.pl\/index.php\/produkt\/folia-hydrozelowa-na-kazdy-telefon-anticrash\/\" \/>\n<meta property=\"og:locale\" content=\"pl_PL\" \/>\n<meta property=\"og:type\" content=\"article\" \/>\n<meta property=\"og:title\" content=\"FOLIA HYDRO\u017bELOWA NA KA\u017bDY TELEFON ANTICRASH - Mix Market - Supermarket z wszystkim co potrzeba\" \/>\n<meta property=\"og:description\" content=\"FOLIA HYDRO\u017bELOWA ANTICRASH V2 DEVIA NA KA\u017bDY TELEFON Oferta dotyczy 1szt folii DEVIA na wubrany przez Klienta model telefonu. Chcesz aby Tw\u00f3j telefon by\u0142 w pe\u0142ni chroniony ? Szukasz innego&nbsp;rozwi\u0105zania ni\u017c zwyk\u0142e szk\u0142o hartowane? Chcesz takiego rozwi\u0105zania, kt\u00f3re w \u017caden spos\u00f3b&nbsp;nie zmniejszy komfortu u\u017cytkowania&nbsp;ekranu dotykowego i jednocze\u015bnie nie pogrubi za bardzo Twojego urz\u0105dzenia? OFERUJEMY FOLI\u0118 [&hellip;]\" \/>\n<meta property=\"og:url\" content=\"https:\/\/racom.com.pl\/index.php\/produkt\/folia-hydrozelowa-na-kazdy-telefon-anticrash\/\" \/>\n<meta property=\"og:site_name\" content=\"Mix Market - Supermarket z wszystkim co potrzeba\" \/>\n<meta property=\"og:image\" content=\"https:\/\/racom.com.pl\/wp-content\/uploads\/2025\/07\/allegro_687a77b2a4feb4.94684901_20369fc1482b9744f2c4b759ae8a.jpg\" \/>\n\t<meta property=\"og:image:width\" content=\"1000\" \/>\n\t<meta property=\"og:image:height\" content=\"1000\" \/>\n\t<meta property=\"og:image:type\" content=\"image\/jpeg\" \/>\n<meta name=\"twitter:card\" content=\"summary_large_image\" \/>\n<meta name=\"twitter:label1\" content=\"Szacowany czas czytania\" \/>\n\t<meta name=\"twitter:data1\" content=\"2 minuty\" \/>\n<script type=\"application\/ld+json\" class=\"yoast-schema-graph\">{\"@context\":\"https:\\\/\\\/schema.org\",\"@graph\":[{\"@type\":\"WebPage\",\"@id\":\"https:\\\/\\\/racom.com.pl\\\/index.php\\\/produkt\\\/folia-hydrozelowa-na-kazdy-telefon-anticrash\\\/\",\"url\":\"https:\\\/\\\/racom.com.pl\\\/index.php\\\/produkt\\\/folia-hydrozelowa-na-kazdy-telefon-anticrash\\\/\",\"name\":\"FOLIA HYDRO\u017bELOWA NA KA\u017bDY TELEFON ANTICRASH - Mix Market - Supermarket z wszystkim co potrzeba\",\"isPartOf\":{\"@id\":\"https:\\\/\\\/racom.com.pl\\\/#website\"},\"primaryImageOfPage\":{\"@id\":\"https:\\\/\\\/racom.com.pl\\\/index.php\\\/produkt\\\/folia-hydrozelowa-na-kazdy-telefon-anticrash\\\/#primaryimage\"},\"image\":{\"@id\":\"https:\\\/\\\/racom.com.pl\\\/index.php\\\/produkt\\\/folia-hydrozelowa-na-kazdy-telefon-anticrash\\\/#primaryimage\"},\"thumbnailUrl\":\"https:\\\/\\\/racom.com.pl\\\/wp-content\\\/uploads\\\/2025\\\/07\\\/allegro_687a77b2a4feb4.94684901_20369fc1482b9744f2c4b759ae8a.jpg\",\"datePublished\":\"2025-07-18T16:34:35+00:00\",\"breadcrumb\":{\"@id\":\"https:\\\/\\\/racom.com.pl\\\/index.php\\\/produkt\\\/folia-hydrozelowa-na-kazdy-telefon-anticrash\\\/#breadcrumb\"},\"inLanguage\":\"pl-PL\",\"potentialAction\":[{\"@type\":\"ReadAction\",\"target\":[\"https:\\\/\\\/racom.com.pl\\\/index.php\\\/produkt\\\/folia-hydrozelowa-na-kazdy-telefon-anticrash\\\/\"]}]},{\"@type\":\"ImageObject\",\"inLanguage\":\"pl-PL\",\"@id\":\"https:\\\/\\\/racom.com.pl\\\/index.php\\\/produkt\\\/folia-hydrozelowa-na-kazdy-telefon-anticrash\\\/#primaryimage\",\"url\":\"https:\\\/\\\/racom.com.pl\\\/wp-content\\\/uploads\\\/2025\\\/07\\\/allegro_687a77b2a4feb4.94684901_20369fc1482b9744f2c4b759ae8a.jpg\",\"contentUrl\":\"https:\\\/\\\/racom.com.pl\\\/wp-content\\\/uploads\\\/2025\\\/07\\\/allegro_687a77b2a4feb4.94684901_20369fc1482b9744f2c4b759ae8a.jpg\",\"width\":1000,\"height\":1000},{\"@type\":\"BreadcrumbList\",\"@id\":\"https:\\\/\\\/racom.com.pl\\\/index.php\\\/produkt\\\/folia-hydrozelowa-na-kazdy-telefon-anticrash\\\/#breadcrumb\",\"itemListElement\":[{\"@type\":\"ListItem\",\"position\":1,\"name\":\"Strona g\u0142\u00f3wna\",\"item\":\"https:\\\/\\\/racom.com.pl\\\/\"},{\"@type\":\"ListItem\",\"position\":2,\"name\":\"Sklep\",\"item\":\"https:\\\/\\\/racom.com.pl\\\/\"},{\"@type\":\"ListItem\",\"position\":3,\"name\":\"FOLIA HYDRO\u017bELOWA NA KA\u017bDY TELEFON ANTICRASH\"}]},{\"@type\":\"WebSite\",\"@id\":\"https:\\\/\\\/racom.com.pl\\\/#website\",\"url\":\"https:\\\/\\\/racom.com.pl\\\/\",\"name\":\"Mix Market - Supermarket z wszystkim co potrzeba do domu i nie tylko\",\"description\":\"\",\"publisher\":{\"@id\":\"https:\\\/\\\/racom.com.pl\\\/#organization\"},\"potentialAction\":[{\"@type\":\"SearchAction\",\"target\":{\"@type\":\"EntryPoint\",\"urlTemplate\":\"https:\\\/\\\/racom.com.pl\\\/?s={search_term_string}\"},\"query-input\":{\"@type\":\"PropertyValueSpecification\",\"valueRequired\":true,\"valueName\":\"search_term_string\"}}],\"inLanguage\":\"pl-PL\"},{\"@type\":\"Organization\",\"@id\":\"https:\\\/\\\/racom.com.pl\\\/#organization\",\"name\":\"Mix Market - Supermarket z wszystkim co potrzeba do domu i nie tylko\",\"url\":\"https:\\\/\\\/racom.com.pl\\\/\",\"logo\":{\"@type\":\"ImageObject\",\"inLanguage\":\"pl-PL\",\"@id\":\"https:\\\/\\\/racom.com.pl\\\/#\\\/schema\\\/logo\\\/image\\\/\",\"url\":\"https:\\\/\\\/racom.com.pl\\\/wp-content\\\/uploads\\\/2025\\\/07\\\/mixmarket_logo.png\",\"contentUrl\":\"https:\\\/\\\/racom.com.pl\\\/wp-content\\\/uploads\\\/2025\\\/07\\\/mixmarket_logo.png\",\"width\":1024,\"height\":1024,\"caption\":\"Mix Market - Supermarket z wszystkim co potrzeba do domu i nie tylko\"},\"image\":{\"@id\":\"https:\\\/\\\/racom.com.pl\\\/#\\\/schema\\\/logo\\\/image\\\/\"}}]}<\/script>\n<!-- \/ Yoast SEO plugin. -->","yoast_head_json":{"title":"FOLIA HYDRO\u017bELOWA NA KA\u017bDY TELEFON ANTICRASH - Mix Market - Supermarket z wszystkim co potrzeba","robots":{"index":"index","follow":"follow","max-snippet":"max-snippet:-1","max-image-preview":"max-image-preview:large","max-video-preview":"max-video-preview:-1"},"canonical":"https:\/\/racom.com.pl\/index.php\/produkt\/folia-hydrozelowa-na-kazdy-telefon-anticrash\/","og_locale":"pl_PL","og_type":"article","og_title":"FOLIA HYDRO\u017bELOWA NA KA\u017bDY TELEFON ANTICRASH - Mix Market - Supermarket z wszystkim co potrzeba","og_description":"FOLIA HYDRO\u017bELOWA ANTICRASH V2 DEVIA NA KA\u017bDY TELEFON Oferta dotyczy 1szt folii DEVIA na wubrany przez Klienta model telefonu. Chcesz aby Tw\u00f3j telefon by\u0142 w pe\u0142ni chroniony ? Szukasz innego&nbsp;rozwi\u0105zania ni\u017c zwyk\u0142e szk\u0142o hartowane? Chcesz takiego rozwi\u0105zania, kt\u00f3re w \u017caden spos\u00f3b&nbsp;nie zmniejszy komfortu u\u017cytkowania&nbsp;ekranu dotykowego i jednocze\u015bnie nie pogrubi za bardzo Twojego urz\u0105dzenia? OFERUJEMY FOLI\u0118 [&hellip;]","og_url":"https:\/\/racom.com.pl\/index.php\/produkt\/folia-hydrozelowa-na-kazdy-telefon-anticrash\/","og_site_name":"Mix Market - Supermarket z wszystkim co potrzeba","og_image":[{"width":1000,"height":1000,"url":"https:\/\/racom.com.pl\/wp-content\/uploads\/2025\/07\/allegro_687a77b2a4feb4.94684901_20369fc1482b9744f2c4b759ae8a.jpg","type":"image\/jpeg"}],"twitter_card":"summary_large_image","twitter_misc":{"Szacowany czas czytania":"2 minuty"},"schema":{"@context":"https:\/\/schema.org","@graph":[{"@type":"WebPage","@id":"https:\/\/racom.com.pl\/index.php\/produkt\/folia-hydrozelowa-na-kazdy-telefon-anticrash\/","url":"https:\/\/racom.com.pl\/index.php\/produkt\/folia-hydrozelowa-na-kazdy-telefon-anticrash\/","name":"FOLIA HYDRO\u017bELOWA NA KA\u017bDY TELEFON ANTICRASH - Mix Market - Supermarket z wszystkim co potrzeba","isPartOf":{"@id":"https:\/\/racom.com.pl\/#website"},"primaryImageOfPage":{"@id":"https:\/\/racom.com.pl\/index.php\/produkt\/folia-hydrozelowa-na-kazdy-telefon-anticrash\/#primaryimage"},"image":{"@id":"https:\/\/racom.com.pl\/index.php\/produkt\/folia-hydrozelowa-na-kazdy-telefon-anticrash\/#primaryimage"},"thumbnailUrl":"https:\/\/racom.com.pl\/wp-content\/uploads\/2025\/07\/allegro_687a77b2a4feb4.94684901_20369fc1482b9744f2c4b759ae8a.jpg","datePublished":"2025-07-18T16:34:35+00:00","breadcrumb":{"@id":"https:\/\/racom.com.pl\/index.php\/produkt\/folia-hydrozelowa-na-kazdy-telefon-anticrash\/#breadcrumb"},"inLanguage":"pl-PL","potentialAction":[{"@type":"ReadAction","target":["https:\/\/racom.com.pl\/index.php\/produkt\/folia-hydrozelowa-na-kazdy-telefon-anticrash\/"]}]},{"@type":"ImageObject","inLanguage":"pl-PL","@id":"https:\/\/racom.com.pl\/index.php\/produkt\/folia-hydrozelowa-na-kazdy-telefon-anticrash\/#primaryimage","url":"https:\/\/racom.com.pl\/wp-content\/uploads\/2025\/07\/allegro_687a77b2a4feb4.94684901_20369fc1482b9744f2c4b759ae8a.jpg","contentUrl":"https:\/\/racom.com.pl\/wp-content\/uploads\/2025\/07\/allegro_687a77b2a4feb4.94684901_20369fc1482b9744f2c4b759ae8a.jpg","width":1000,"height":1000},{"@type":"BreadcrumbList","@id":"https:\/\/racom.com.pl\/index.php\/produkt\/folia-hydrozelowa-na-kazdy-telefon-anticrash\/#breadcrumb","itemListElement":[{"@type":"ListItem","position":1,"name":"Strona g\u0142\u00f3wna","item":"https:\/\/racom.com.pl\/"},{"@type":"ListItem","position":2,"name":"Sklep","item":"https:\/\/racom.com.pl\/"},{"@type":"ListItem","position":3,"name":"FOLIA HYDRO\u017bELOWA NA KA\u017bDY TELEFON ANTICRASH"}]},{"@type":"WebSite","@id":"https:\/\/racom.com.pl\/#website","url":"https:\/\/racom.com.pl\/","name":"Mix Market - Supermarket z wszystkim co potrzeba do domu i nie tylko","description":"","publisher":{"@id":"https:\/\/racom.com.pl\/#organization"},"potentialAction":[{"@type":"SearchAction","target":{"@type":"EntryPoint","urlTemplate":"https:\/\/racom.com.pl\/?s={search_term_string}"},"query-input":{"@type":"PropertyValueSpecification","valueRequired":true,"valueName":"search_term_string"}}],"inLanguage":"pl-PL"},{"@type":"Organization","@id":"https:\/\/racom.com.pl\/#organization","name":"Mix Market - Supermarket z wszystkim co potrzeba do domu i nie tylko","url":"https:\/\/racom.com.pl\/","logo":{"@type":"ImageObject","inLanguage":"pl-PL","@id":"https:\/\/racom.com.pl\/#\/schema\/logo\/image\/","url":"https:\/\/racom.com.pl\/wp-content\/uploads\/2025\/07\/mixmarket_logo.png","contentUrl":"https:\/\/racom.com.pl\/wp-content\/uploads\/2025\/07\/mixmarket_logo.png","width":1024,"height":1024,"caption":"Mix Market - Supermarket z wszystkim co potrzeba do domu i nie tylko"},"image":{"@id":"https:\/\/racom.com.pl\/#\/schema\/logo\/image\/"}}]}},"_links":{"self":[{"href":"https:\/\/racom.com.pl\/index.php\/wp-json\/wp\/v2\/product\/968","targetHints":{"allow":["GET"]}}],"collection":[{"href":"https:\/\/racom.com.pl\/index.php\/wp-json\/wp\/v2\/product"}],"about":[{"href":"https:\/\/racom.com.pl\/index.php\/wp-json\/wp\/v2\/types\/product"}],"replies":[{"embeddable":true,"href":"https:\/\/racom.com.pl\/index.php\/wp-json\/wp\/v2\/comments?post=968"}],"wp:featuredmedia":[{"embeddable":true,"href":"https:\/\/racom.com.pl\/index.php\/wp-json\/wp\/v2\/media\/972"}],"wp:attachment":[{"href":"https:\/\/racom.com.pl\/index.php\/wp-json\/wp\/v2\/media?parent=968"}],"wp:term":[{"taxonomy":"product_brand","embeddable":true,"href":"https:\/\/racom.com.pl\/index.php\/wp-json\/wp\/v2\/product_brand?post=968"},{"taxonomy":"product_cat","embeddable":true,"href":"https:\/\/racom.com.pl\/index.php\/wp-json\/wp\/v2\/product_cat?post=968"},{"taxonomy":"product_tag","embeddable":true,"href":"https:\/\/racom.com.pl\/index.php\/wp-json\/wp\/v2\/product_tag?post=968"}],"curies":[{"name":"wp","href":"https:\/\/api.w.org\/{rel}","templated":true}]}}