{"id":973,"date":"2025-07-18T18:35:03","date_gmt":"2025-07-18T16:35:03","guid":{"rendered":"http:\/\/192.168.2.106\/index.php\/produkt\/orico-obudowa-dysku-25-hdd-ssd-usb-c-z-podstawka-przezroczysta-2x-kabel\/"},"modified":"2025-07-18T18:35:03","modified_gmt":"2025-07-18T16:35:03","slug":"orico-obudowa-dysku-25-hdd-ssd-usb-c-z-podstawka-przezroczysta-2x-kabel","status":"publish","type":"product","link":"https:\/\/racom.com.pl\/index.php\/produkt\/orico-obudowa-dysku-25-hdd-ssd-usb-c-z-podstawka-przezroczysta-2x-kabel\/","title":{"rendered":"Orico Obudowa dysku 2,5&#8243; HDD SSD USB-C z podstawk\u0105 przezroczysta 2x Kabel"},"content":{"rendered":"<h2>Obudowa zewn\u0119trzna dysku Orico HDD 2,5&#8243; z podstawk\u0105, USB-C 3.1 + kabel (USB 3.0 do USB-C)<\/h2>\n<p><b>Obudowa zewn\u0119trzna Orico na dysk twardy HDD 2,5&#8243;<\/b><\/p>\n<p>Obudowa do dysk\u00f3w HDD 2,5&#8243; zosta\u0142a wyposa\u017cona w oddzieln\u0105, praktyczn\u0105 podstawk\u0119, kt\u00f3ra pozwala na jej stabilne ustawienie na dowolnej p\u0142askiej powierzchni. Produkt umo\u017cliwia transfer plik\u00f3w z pr\u0119dko\u015bci\u0105 do 10 Gbps i obs\u0142uguje urz\u0105dzenia o pojemno\u015bci do 4 TB. Sprawdzi si\u0119 w wielu zastosowaniach. Obudowa jest te\u017c wyj\u0105tkowo wytrzyma\u0142a, a o jej statusie poinformuje Ci\u0119 niebieski wska\u017anik LED.<\/p>\n<p><b>B\u0142yskawiczny transfer danych<\/b><\/p>\n<p>Zaawansowany chip VL716 oraz schemat po\u0142\u0105czenia SATA Revision3.0 zapewniaj\u0105 niesamowit\u0105 pr\u0119dko\u015b\u0107 transferu plik\u00f3w, kt\u00f3ra si\u0119ga nawet 10 Gbps. Obudowa obs\u0142uguje te\u017c UASP oraz protok\u00f3\u0142 TRIM, co pozwala zoptymalizowa\u0107 u\u017cycie procesora i skr\u00f3ci\u0107 czas potrzebny na skopiowanie danych. Z Orico w mgnieniu oka prze\u015blesz potrzebne dokumenty, zdj\u0119cia czy filmy!<\/p>\n<p><b>Du\u017ca obs\u0142ugiwana pojemno\u015b\u0107 &#8211; mn\u00f3stwo mo\u017cliwo\u015bci zastosowania<\/b><\/p>\n<p>Produkt jest kompatybilny z dyskami twardymi o pojemno\u015bci do 4 TB. Mo\u017cesz wi\u0119c zyska\u0107 wystarczaj\u0105co du\u017co miejsca, aby zapisa\u0107 nawet 600 000 obraz\u00f3w lub 6 000 materia\u0142\u00f3w wideo w rozdzielczo\u015bci HD. Tak du\u017ca pami\u0119\u0107 w po\u0142\u0105czeniu z szybkim odczytem i zapisem danych sprawia, \u017ce obudowa marki Orico nadaje si\u0119 do wielu zastosowa\u0144. Za jej pomoc\u0105 stworzysz kopie zapasowe wa\u017cnych plik\u00f3w, wygodnie pograsz w gry na PS4 lub obejrzysz film na du\u017cym ekranie telewizora.<\/p>\n<p><b>Automatyczny stan u\u015bpienia po 10 minutach bezczynno\u015bci<\/b><\/p>\n<p>Inteligentne rozwi\u0105zania zastosowane podczas produkcji obudowy umo\u017cliwiaj\u0105 zwi\u0119kszenie jej wydajno\u015bci. Po 10 minutach bezczynno\u015bci urz\u0105dzenie automatycznie przechodzi w stan u\u015bpienia, dzi\u0119ki czemu mo\u017cesz unikn\u0105\u0107 zbyt cz\u0119stego odczytu danych z dysku HDD, a tym samym przed\u0142u\u017cy\u0107 jego \u017cywotno\u015b\u0107.<\/p>\n<p><b>Praktyczny wska\u017anik LED<\/b><\/p>\n<p>Z Orico wystarczy rzut oka, aby pozna\u0107 status urz\u0105dzenia. Obudowa zosta\u0142a wyposa\u017cona w niewielki wska\u017anik LED, kt\u00f3ry dostarczy Ci najwa\u017cniejszych informacji. Kiedy \u015bwieci na niebiesko, oznacza to, \u017ce sprz\u0119t jest w\u0142\u0105czony. Kiedy mruga na czerwono, trwa odczyt danych.<\/p>\n<p><b>Przemy\u015blany design &#8211; solidne wykonanie<\/b><\/p>\n<p>Obudowa jest przezroczysta, co znacznie u\u0142atwia identyfikacj\u0119 umieszczonego wewn\u0105trz dysku twardego. Produkt zosta\u0142 wykonany z wytrzyma\u0142ych materia\u0142\u00f3w i jest niezwykle odporny na uszkodzenia i zu\u017cycie. Za jego niesamowit\u0105 wydajno\u015b\u0107 odpowiadaj\u0105 mi\u0119dzy innymi zaawansowany obw\u00f3d PCB, wysokiej klasy kondensator oraz poz\u0142acany port SATA Revision3.0. Wchodz\u0105ca w sk\u0142ad zestawu podstawka umo\u017cliwia bezpieczne umieszczenie obudowy na wybranej powierzchni i zapewnia stabilniejsze po\u0142\u0105czenie.<\/p>\n<p><b>W zestawie<\/b><\/p>\n<ul>\n<li>Obudowa zewn\u0119trzna na dysk twardy<\/li>\n<li>Podstawka<\/li>\n<li>Kabel USB-C do USB 3.0 (5 Gbps)<\/li>\n<li>Kabel USB-C do USB-C<\/li>\n<\/ul>\n<p><b>Specyfikacja<\/b><\/p>\n<ul>\n<li><b>Producent:<\/b> Orico<\/li>\n<li><b>Model:<\/b> 2159C3-G2-CR-BP<\/li>\n<li><b>Materia\u0142:<\/b> PC<\/li>\n<li><b>Chip:<\/b> VL716<\/li>\n<li><b>Kompatybilno\u015b\u0107:<\/b> Dyski twarde HDD 2,5&#8243;<\/li>\n<li><b>Interfejs wyj\u015bcia:<\/b> USB 3.1 typu C<\/li>\n<li><b>Interfejs wej\u015bcia:<\/b> SATA Revision3.0<\/li>\n<li><b>Pr\u0119dko\u015b\u0107 transmisji:<\/b> Do 10 Gbps<\/li>\n<li><b>\u0179r\u00f3d\u0142o zasilania:<\/b> Port USB<\/li>\n<\/ul>\n","protected":false},"excerpt":{"rendered":"<p>Obudowa zewn\u0119trzna dysku Orico HDD 2,5&#8243; z podstawk\u0105, USB-C 3.1 + kabel (USB 3.0 do USB-C) Obudowa zewn\u0119trzna Orico na dysk twardy HDD 2,5&#8243; Obudowa do dysk\u00f3w HDD 2,5&#8243; zosta\u0142a wyposa\u017cona w oddzieln\u0105, praktyczn\u0105 podstawk\u0119, kt\u00f3ra pozwala na jej stabilne ustawienie na dowolnej p\u0142askiej powierzchni. Produkt umo\u017cliwia transfer plik\u00f3w z pr\u0119dko\u015bci\u0105 do 10 Gbps i [&hellip;]<\/p>\n","protected":false},"featured_media":981,"comment_status":"open","ping_status":"closed","template":"","meta":[],"product_brand":[],"product_cat":[24],"product_tag":[],"class_list":{"0":"post-973","1":"product","2":"type-product","3":"status-publish","4":"has-post-thumbnail","6":"product_cat-dyski-i-pamieci-przenosne","8":"first","9":"instock","10":"taxable","11":"shipping-taxable","12":"purchasable","13":"product-type-simple"},"yoast_head":"<!-- This site is optimized with the Yoast SEO plugin v27.3 - https:\/\/yoast.com\/product\/yoast-seo-wordpress\/ -->\n<title>Orico Obudowa dysku 2,5&quot; HDD SSD USB-C z podstawk\u0105 przezroczysta 2x Kabel - Mix Market - Supermarket z wszystkim co potrzeba<\/title>\n<meta name=\"robots\" content=\"index, follow, max-snippet:-1, max-image-preview:large, max-video-preview:-1\" \/>\n<link rel=\"canonical\" href=\"https:\/\/racom.com.pl\/index.php\/produkt\/orico-obudowa-dysku-25-hdd-ssd-usb-c-z-podstawka-przezroczysta-2x-kabel\/\" \/>\n<meta property=\"og:locale\" content=\"pl_PL\" \/>\n<meta property=\"og:type\" content=\"article\" \/>\n<meta property=\"og:title\" content=\"Orico Obudowa dysku 2,5&quot; HDD SSD USB-C z podstawk\u0105 przezroczysta 2x Kabel - Mix Market - Supermarket z wszystkim co potrzeba\" \/>\n<meta property=\"og:description\" content=\"Obudowa zewn\u0119trzna dysku Orico HDD 2,5&#8243; z podstawk\u0105, USB-C 3.1 + kabel (USB 3.0 do USB-C) Obudowa zewn\u0119trzna Orico na dysk twardy HDD 2,5&#8243; Obudowa do dysk\u00f3w HDD 2,5&#8243; zosta\u0142a wyposa\u017cona w oddzieln\u0105, praktyczn\u0105 podstawk\u0119, kt\u00f3ra pozwala na jej stabilne ustawienie na dowolnej p\u0142askiej powierzchni. Produkt umo\u017cliwia transfer plik\u00f3w z pr\u0119dko\u015bci\u0105 do 10 Gbps i [&hellip;]\" \/>\n<meta property=\"og:url\" content=\"https:\/\/racom.com.pl\/index.php\/produkt\/orico-obudowa-dysku-25-hdd-ssd-usb-c-z-podstawka-przezroczysta-2x-kabel\/\" \/>\n<meta property=\"og:site_name\" content=\"Mix Market - Supermarket z wszystkim co potrzeba\" \/>\n<meta property=\"og:image\" content=\"https:\/\/racom.com.pl\/wp-content\/uploads\/2025\/07\/allegro_687a77e7c65022.01963165_1090706d4ace9509eea0f4cb68de.jpg\" \/>\n\t<meta property=\"og:image:width\" content=\"1100\" \/>\n\t<meta property=\"og:image:height\" content=\"701\" \/>\n\t<meta property=\"og:image:type\" content=\"image\/jpeg\" \/>\n<meta name=\"twitter:card\" content=\"summary_large_image\" \/>\n<meta name=\"twitter:label1\" content=\"Szacowany czas czytania\" \/>\n\t<meta name=\"twitter:data1\" content=\"2 minuty\" \/>\n<script type=\"application\/ld+json\" class=\"yoast-schema-graph\">{\"@context\":\"https:\\\/\\\/schema.org\",\"@graph\":[{\"@type\":\"WebPage\",\"@id\":\"https:\\\/\\\/racom.com.pl\\\/index.php\\\/produkt\\\/orico-obudowa-dysku-25-hdd-ssd-usb-c-z-podstawka-przezroczysta-2x-kabel\\\/\",\"url\":\"https:\\\/\\\/racom.com.pl\\\/index.php\\\/produkt\\\/orico-obudowa-dysku-25-hdd-ssd-usb-c-z-podstawka-przezroczysta-2x-kabel\\\/\",\"name\":\"Orico Obudowa dysku 2,5\\\" HDD SSD USB-C z podstawk\u0105 przezroczysta 2x Kabel - Mix Market - Supermarket z wszystkim co potrzeba\",\"isPartOf\":{\"@id\":\"https:\\\/\\\/racom.com.pl\\\/#website\"},\"primaryImageOfPage\":{\"@id\":\"https:\\\/\\\/racom.com.pl\\\/index.php\\\/produkt\\\/orico-obudowa-dysku-25-hdd-ssd-usb-c-z-podstawka-przezroczysta-2x-kabel\\\/#primaryimage\"},\"image\":{\"@id\":\"https:\\\/\\\/racom.com.pl\\\/index.php\\\/produkt\\\/orico-obudowa-dysku-25-hdd-ssd-usb-c-z-podstawka-przezroczysta-2x-kabel\\\/#primaryimage\"},\"thumbnailUrl\":\"https:\\\/\\\/racom.com.pl\\\/wp-content\\\/uploads\\\/2025\\\/07\\\/allegro_687a77e7c65022.01963165_1090706d4ace9509eea0f4cb68de.jpg\",\"datePublished\":\"2025-07-18T16:35:03+00:00\",\"breadcrumb\":{\"@id\":\"https:\\\/\\\/racom.com.pl\\\/index.php\\\/produkt\\\/orico-obudowa-dysku-25-hdd-ssd-usb-c-z-podstawka-przezroczysta-2x-kabel\\\/#breadcrumb\"},\"inLanguage\":\"pl-PL\",\"potentialAction\":[{\"@type\":\"ReadAction\",\"target\":[\"https:\\\/\\\/racom.com.pl\\\/index.php\\\/produkt\\\/orico-obudowa-dysku-25-hdd-ssd-usb-c-z-podstawka-przezroczysta-2x-kabel\\\/\"]}]},{\"@type\":\"ImageObject\",\"inLanguage\":\"pl-PL\",\"@id\":\"https:\\\/\\\/racom.com.pl\\\/index.php\\\/produkt\\\/orico-obudowa-dysku-25-hdd-ssd-usb-c-z-podstawka-przezroczysta-2x-kabel\\\/#primaryimage\",\"url\":\"https:\\\/\\\/racom.com.pl\\\/wp-content\\\/uploads\\\/2025\\\/07\\\/allegro_687a77e7c65022.01963165_1090706d4ace9509eea0f4cb68de.jpg\",\"contentUrl\":\"https:\\\/\\\/racom.com.pl\\\/wp-content\\\/uploads\\\/2025\\\/07\\\/allegro_687a77e7c65022.01963165_1090706d4ace9509eea0f4cb68de.jpg\",\"width\":1100,\"height\":701},{\"@type\":\"BreadcrumbList\",\"@id\":\"https:\\\/\\\/racom.com.pl\\\/index.php\\\/produkt\\\/orico-obudowa-dysku-25-hdd-ssd-usb-c-z-podstawka-przezroczysta-2x-kabel\\\/#breadcrumb\",\"itemListElement\":[{\"@type\":\"ListItem\",\"position\":1,\"name\":\"Strona g\u0142\u00f3wna\",\"item\":\"https:\\\/\\\/racom.com.pl\\\/\"},{\"@type\":\"ListItem\",\"position\":2,\"name\":\"Sklep\",\"item\":\"https:\\\/\\\/racom.com.pl\\\/\"},{\"@type\":\"ListItem\",\"position\":3,\"name\":\"Orico Obudowa dysku 2,5&#8243; HDD SSD USB-C z podstawk\u0105 przezroczysta 2x Kabel\"}]},{\"@type\":\"WebSite\",\"@id\":\"https:\\\/\\\/racom.com.pl\\\/#website\",\"url\":\"https:\\\/\\\/racom.com.pl\\\/\",\"name\":\"Mix Market - Supermarket z wszystkim co potrzeba do domu i nie tylko\",\"description\":\"\",\"publisher\":{\"@id\":\"https:\\\/\\\/racom.com.pl\\\/#organization\"},\"potentialAction\":[{\"@type\":\"SearchAction\",\"target\":{\"@type\":\"EntryPoint\",\"urlTemplate\":\"https:\\\/\\\/racom.com.pl\\\/?s={search_term_string}\"},\"query-input\":{\"@type\":\"PropertyValueSpecification\",\"valueRequired\":true,\"valueName\":\"search_term_string\"}}],\"inLanguage\":\"pl-PL\"},{\"@type\":\"Organization\",\"@id\":\"https:\\\/\\\/racom.com.pl\\\/#organization\",\"name\":\"Mix Market - Supermarket z wszystkim co potrzeba do domu i nie tylko\",\"url\":\"https:\\\/\\\/racom.com.pl\\\/\",\"logo\":{\"@type\":\"ImageObject\",\"inLanguage\":\"pl-PL\",\"@id\":\"https:\\\/\\\/racom.com.pl\\\/#\\\/schema\\\/logo\\\/image\\\/\",\"url\":\"https:\\\/\\\/racom.com.pl\\\/wp-content\\\/uploads\\\/2025\\\/07\\\/mixmarket_logo.png\",\"contentUrl\":\"https:\\\/\\\/racom.com.pl\\\/wp-content\\\/uploads\\\/2025\\\/07\\\/mixmarket_logo.png\",\"width\":1024,\"height\":1024,\"caption\":\"Mix Market - Supermarket z wszystkim co potrzeba do domu i nie tylko\"},\"image\":{\"@id\":\"https:\\\/\\\/racom.com.pl\\\/#\\\/schema\\\/logo\\\/image\\\/\"}}]}<\/script>\n<!-- \/ Yoast SEO plugin. -->","yoast_head_json":{"title":"Orico Obudowa dysku 2,5\" HDD SSD USB-C z podstawk\u0105 przezroczysta 2x Kabel - Mix Market - Supermarket z wszystkim co potrzeba","robots":{"index":"index","follow":"follow","max-snippet":"max-snippet:-1","max-image-preview":"max-image-preview:large","max-video-preview":"max-video-preview:-1"},"canonical":"https:\/\/racom.com.pl\/index.php\/produkt\/orico-obudowa-dysku-25-hdd-ssd-usb-c-z-podstawka-przezroczysta-2x-kabel\/","og_locale":"pl_PL","og_type":"article","og_title":"Orico Obudowa dysku 2,5\" HDD SSD USB-C z podstawk\u0105 przezroczysta 2x Kabel - Mix Market - Supermarket z wszystkim co potrzeba","og_description":"Obudowa zewn\u0119trzna dysku Orico HDD 2,5&#8243; z podstawk\u0105, USB-C 3.1 + kabel (USB 3.0 do USB-C) Obudowa zewn\u0119trzna Orico na dysk twardy HDD 2,5&#8243; Obudowa do dysk\u00f3w HDD 2,5&#8243; zosta\u0142a wyposa\u017cona w oddzieln\u0105, praktyczn\u0105 podstawk\u0119, kt\u00f3ra pozwala na jej stabilne ustawienie na dowolnej p\u0142askiej powierzchni. Produkt umo\u017cliwia transfer plik\u00f3w z pr\u0119dko\u015bci\u0105 do 10 Gbps i [&hellip;]","og_url":"https:\/\/racom.com.pl\/index.php\/produkt\/orico-obudowa-dysku-25-hdd-ssd-usb-c-z-podstawka-przezroczysta-2x-kabel\/","og_site_name":"Mix Market - Supermarket z wszystkim co potrzeba","og_image":[{"width":1100,"height":701,"url":"https:\/\/racom.com.pl\/wp-content\/uploads\/2025\/07\/allegro_687a77e7c65022.01963165_1090706d4ace9509eea0f4cb68de.jpg","type":"image\/jpeg"}],"twitter_card":"summary_large_image","twitter_misc":{"Szacowany czas czytania":"2 minuty"},"schema":{"@context":"https:\/\/schema.org","@graph":[{"@type":"WebPage","@id":"https:\/\/racom.com.pl\/index.php\/produkt\/orico-obudowa-dysku-25-hdd-ssd-usb-c-z-podstawka-przezroczysta-2x-kabel\/","url":"https:\/\/racom.com.pl\/index.php\/produkt\/orico-obudowa-dysku-25-hdd-ssd-usb-c-z-podstawka-przezroczysta-2x-kabel\/","name":"Orico Obudowa dysku 2,5\" HDD SSD USB-C z podstawk\u0105 przezroczysta 2x Kabel - Mix Market - Supermarket z wszystkim co potrzeba","isPartOf":{"@id":"https:\/\/racom.com.pl\/#website"},"primaryImageOfPage":{"@id":"https:\/\/racom.com.pl\/index.php\/produkt\/orico-obudowa-dysku-25-hdd-ssd-usb-c-z-podstawka-przezroczysta-2x-kabel\/#primaryimage"},"image":{"@id":"https:\/\/racom.com.pl\/index.php\/produkt\/orico-obudowa-dysku-25-hdd-ssd-usb-c-z-podstawka-przezroczysta-2x-kabel\/#primaryimage"},"thumbnailUrl":"https:\/\/racom.com.pl\/wp-content\/uploads\/2025\/07\/allegro_687a77e7c65022.01963165_1090706d4ace9509eea0f4cb68de.jpg","datePublished":"2025-07-18T16:35:03+00:00","breadcrumb":{"@id":"https:\/\/racom.com.pl\/index.php\/produkt\/orico-obudowa-dysku-25-hdd-ssd-usb-c-z-podstawka-przezroczysta-2x-kabel\/#breadcrumb"},"inLanguage":"pl-PL","potentialAction":[{"@type":"ReadAction","target":["https:\/\/racom.com.pl\/index.php\/produkt\/orico-obudowa-dysku-25-hdd-ssd-usb-c-z-podstawka-przezroczysta-2x-kabel\/"]}]},{"@type":"ImageObject","inLanguage":"pl-PL","@id":"https:\/\/racom.com.pl\/index.php\/produkt\/orico-obudowa-dysku-25-hdd-ssd-usb-c-z-podstawka-przezroczysta-2x-kabel\/#primaryimage","url":"https:\/\/racom.com.pl\/wp-content\/uploads\/2025\/07\/allegro_687a77e7c65022.01963165_1090706d4ace9509eea0f4cb68de.jpg","contentUrl":"https:\/\/racom.com.pl\/wp-content\/uploads\/2025\/07\/allegro_687a77e7c65022.01963165_1090706d4ace9509eea0f4cb68de.jpg","width":1100,"height":701},{"@type":"BreadcrumbList","@id":"https:\/\/racom.com.pl\/index.php\/produkt\/orico-obudowa-dysku-25-hdd-ssd-usb-c-z-podstawka-przezroczysta-2x-kabel\/#breadcrumb","itemListElement":[{"@type":"ListItem","position":1,"name":"Strona g\u0142\u00f3wna","item":"https:\/\/racom.com.pl\/"},{"@type":"ListItem","position":2,"name":"Sklep","item":"https:\/\/racom.com.pl\/"},{"@type":"ListItem","position":3,"name":"Orico Obudowa dysku 2,5&#8243; HDD SSD USB-C z podstawk\u0105 przezroczysta 2x Kabel"}]},{"@type":"WebSite","@id":"https:\/\/racom.com.pl\/#website","url":"https:\/\/racom.com.pl\/","name":"Mix Market - Supermarket z wszystkim co potrzeba do domu i nie tylko","description":"","publisher":{"@id":"https:\/\/racom.com.pl\/#organization"},"potentialAction":[{"@type":"SearchAction","target":{"@type":"EntryPoint","urlTemplate":"https:\/\/racom.com.pl\/?s={search_term_string}"},"query-input":{"@type":"PropertyValueSpecification","valueRequired":true,"valueName":"search_term_string"}}],"inLanguage":"pl-PL"},{"@type":"Organization","@id":"https:\/\/racom.com.pl\/#organization","name":"Mix Market - Supermarket z wszystkim co potrzeba do domu i nie tylko","url":"https:\/\/racom.com.pl\/","logo":{"@type":"ImageObject","inLanguage":"pl-PL","@id":"https:\/\/racom.com.pl\/#\/schema\/logo\/image\/","url":"https:\/\/racom.com.pl\/wp-content\/uploads\/2025\/07\/mixmarket_logo.png","contentUrl":"https:\/\/racom.com.pl\/wp-content\/uploads\/2025\/07\/mixmarket_logo.png","width":1024,"height":1024,"caption":"Mix Market - Supermarket z wszystkim co potrzeba do domu i nie tylko"},"image":{"@id":"https:\/\/racom.com.pl\/#\/schema\/logo\/image\/"}}]}},"_links":{"self":[{"href":"https:\/\/racom.com.pl\/index.php\/wp-json\/wp\/v2\/product\/973","targetHints":{"allow":["GET"]}}],"collection":[{"href":"https:\/\/racom.com.pl\/index.php\/wp-json\/wp\/v2\/product"}],"about":[{"href":"https:\/\/racom.com.pl\/index.php\/wp-json\/wp\/v2\/types\/product"}],"replies":[{"embeddable":true,"href":"https:\/\/racom.com.pl\/index.php\/wp-json\/wp\/v2\/comments?post=973"}],"wp:featuredmedia":[{"embeddable":true,"href":"https:\/\/racom.com.pl\/index.php\/wp-json\/wp\/v2\/media\/981"}],"wp:attachment":[{"href":"https:\/\/racom.com.pl\/index.php\/wp-json\/wp\/v2\/media?parent=973"}],"wp:term":[{"taxonomy":"product_brand","embeddable":true,"href":"https:\/\/racom.com.pl\/index.php\/wp-json\/wp\/v2\/product_brand?post=973"},{"taxonomy":"product_cat","embeddable":true,"href":"https:\/\/racom.com.pl\/index.php\/wp-json\/wp\/v2\/product_cat?post=973"},{"taxonomy":"product_tag","embeddable":true,"href":"https:\/\/racom.com.pl\/index.php\/wp-json\/wp\/v2\/product_tag?post=973"}],"curies":[{"name":"wp","href":"https:\/\/api.w.org\/{rel}","templated":true}]}}