{"id":982,"date":"2025-07-18T18:35:59","date_gmt":"2025-07-18T16:35:59","guid":{"rendered":"http:\/\/192.168.2.106\/index.php\/produkt\/baseus-pro-ladowarka-samochodowa-2x-usb-4-8a-biala\/"},"modified":"2025-07-18T18:35:59","modified_gmt":"2025-07-18T16:35:59","slug":"baseus-pro-ladowarka-samochodowa-2x-usb-4-8a-biala","status":"publish","type":"product","link":"https:\/\/racom.com.pl\/index.php\/produkt\/baseus-pro-ladowarka-samochodowa-2x-usb-4-8a-biala\/","title":{"rendered":"BASEUS PRO \u0141ADOWARKA SAMOCHODOWA 2x USB 4.8A BIA\u0141A"},"content":{"rendered":"<h2>\u0141adowarka samochodowa Baseus Grain Pro 2x USB 4.8A (bia\u0142a)<\/h2>\n<p><b>Specyfikacja<\/b><\/p>\n<ul>\n<li><b>Producent:<\/b> Baseus<\/li>\n<li><b>Model:<\/b> CCALLP-02<\/li>\n<li><b>Wyko\u0144czenie:<\/b> PC + ABS<\/li>\n<li><b>Kolor:<\/b> bia\u0142y<\/li>\n<li><b>Wymiary:<\/b> 46.8 x 26.5 mm<\/li>\n<li><b>Kompatybilno\u015b\u0107:<\/b> uniwersalna<\/li>\n<li><b>Porty:<\/b> USB1:5V\/2.4A; USB2:5V\/2.4A<\/li>\n<li><b>Moc wyj\u015bciowa:<\/b> 5V\/4.8A<\/li>\n<li><b>Napi\u0119cie wej\u015bciowe:<\/b> DC 12-24V<\/li>\n<\/ul>\n<p><b>\u0141aduj 2 urz\u0105dzenia jednocze\u015bnie<\/b><\/p>\n<p>\u0141adowarka samochodowa od Baseus pozwala na \u0142adowanie 2 urz\u0105dze\u0144 jednocze\u015bnie. Dzi\u0119ki temu Ty i Tw\u00f3j pasa\u017cer mo\u017cecie \u0142adowa\u0107 swoje telefony w tym samym czasie. Pr\u0105d o du\u017cym nat\u0119\u017ceniu umo\u017cliwia wysok\u0105 wydajno\u015b\u0107 i szybko\u015b\u0107 \u0142adowania. Dzi\u0119ki \u0142adowarce od Baseus na\u0142adujesz nie tylko urz\u0105dzenie z systemem Android lub Apple, ale r\u00f3wnie\u017c nawigacj\u0119 GPS, s\u0142uchawki, sprz\u0119t fotograficzny, powerbanki, e-papierosy i wiele innych.<\/p>\n<p><b>Wyko\u0144czenie<\/b><\/p>\n<p>\u0141adowarka zosta\u0142a wykonana z najwy\u017cszej jako\u015bci materia\u0142\u00f3w ognioodpornych PC i ABS, dzi\u0119ki czemu jest odporna na zarysowania, a w rezultacie zawsze wygl\u0105da jak nowa. Materia\u0142 PC jest odporny na uderzenia i wysok\u0105 temperatur\u0119 co czyni \u0142adowark\u0119 trwa\u0142\u0105, a ty mo\u017cesz z niego d\u0142ugo korzysta\u0107. Jej niewielki rozmiar sprawia, \u017ce \u0142adowarka idealnie komponuje si\u0119 z wi\u0119kszo\u015bci\u0105 zapalniczek.<\/p>\n<p><b>Kompletna ochrona<\/b><\/p>\n<p>\u0141adowarka od Baseus przesz\u0142a liczne testy bezpiecze\u0144stwa i zdoby\u0142a wiele certyfikat\u00f3w, dzi\u0119ki czemu mo\u017cesz korzysta\u0107 z niej bez obaw. Chipset steruj\u0105cy dopasowuje nat\u0119\u017cenie pr\u0105du do ka\u017cdego urz\u0105dzenia i chroni je przed uszkodzeniem. Dzi\u0119ki 7 poziomom zabezpiecze\u0144, zar\u00f3wno Twoje urz\u0105dzenie jaki \u0142adowarka s\u0105 chronione przed prze\u0142adowaniem, wy\u0142adowaniem, przepi\u0119ciem, przegrzaniem, pr\u0105dem przet\u0119\u017ceniowym, kr\u00f3tkimi spi\u0119ciami i polem elektromagnetycznym.<\/p>\n<p><b>Specyfikacja<\/b><\/p>\n<ul>\n<li><b>Producent:<\/b> Baseus<\/li>\n<li><b>Model:<\/b> CCALLP-02<\/li>\n<li><b>Wyko\u0144czenie:<\/b> PC + ABS<\/li>\n<li><b>Kolor:<\/b> bia\u0142y<\/li>\n<li><b>Wymiary:<\/b> 46.8 x 26.5 mm<\/li>\n<li><b>Kompatybilno\u015b\u0107:<\/b> uniwersalna<\/li>\n<li><b>Porty:<\/b> USB1:5V\/2.4A; USB2:5V\/2.4A<\/li>\n<li><b>Moc wyj\u015bciowa:<\/b> 5V\/4.8A<\/li>\n<li><b>Napi\u0119cie wej\u015bciowe:<\/b> DC 12-24V<\/li>\n<\/ul>\n","protected":false},"excerpt":{"rendered":"<p>\u0141adowarka samochodowa Baseus Grain Pro 2x USB 4.8A (bia\u0142a) Specyfikacja Producent: Baseus Model: CCALLP-02 Wyko\u0144czenie: PC + ABS Kolor: bia\u0142y Wymiary: 46.8 x 26.5 mm Kompatybilno\u015b\u0107: uniwersalna Porty: USB1:5V\/2.4A; USB2:5V\/2.4A Moc wyj\u015bciowa: 5V\/4.8A Napi\u0119cie wej\u015bciowe: DC 12-24V \u0141aduj 2 urz\u0105dzenia jednocze\u015bnie \u0141adowarka samochodowa od Baseus pozwala na \u0142adowanie 2 urz\u0105dze\u0144 jednocze\u015bnie. Dzi\u0119ki temu Ty i [&hellip;]<\/p>\n","protected":false},"featured_media":988,"comment_status":"open","ping_status":"closed","template":"","meta":[],"product_brand":[],"product_cat":[26],"product_tag":[],"class_list":{"0":"post-982","1":"product","2":"type-product","3":"status-publish","4":"has-post-thumbnail","6":"product_cat-akcesoria-gsm","8":"first","9":"instock","10":"taxable","11":"shipping-taxable","12":"purchasable","13":"product-type-simple"},"yoast_head":"<!-- This site is optimized with the Yoast SEO plugin v27.3 - https:\/\/yoast.com\/product\/yoast-seo-wordpress\/ -->\n<title>BASEUS PRO \u0141ADOWARKA SAMOCHODOWA 2x USB 4.8A BIA\u0141A - Mix Market - Supermarket z wszystkim co potrzeba<\/title>\n<meta name=\"robots\" content=\"index, follow, max-snippet:-1, max-image-preview:large, max-video-preview:-1\" \/>\n<link rel=\"canonical\" href=\"https:\/\/racom.com.pl\/index.php\/produkt\/baseus-pro-ladowarka-samochodowa-2x-usb-4-8a-biala\/\" \/>\n<meta property=\"og:locale\" content=\"pl_PL\" \/>\n<meta property=\"og:type\" content=\"article\" \/>\n<meta property=\"og:title\" content=\"BASEUS PRO \u0141ADOWARKA SAMOCHODOWA 2x USB 4.8A BIA\u0141A - Mix Market - Supermarket z wszystkim co potrzeba\" \/>\n<meta property=\"og:description\" content=\"\u0141adowarka samochodowa Baseus Grain Pro 2x USB 4.8A (bia\u0142a) Specyfikacja Producent: Baseus Model: CCALLP-02 Wyko\u0144czenie: PC + ABS Kolor: bia\u0142y Wymiary: 46.8 x 26.5 mm Kompatybilno\u015b\u0107: uniwersalna Porty: USB1:5V\/2.4A; USB2:5V\/2.4A Moc wyj\u015bciowa: 5V\/4.8A Napi\u0119cie wej\u015bciowe: DC 12-24V \u0141aduj 2 urz\u0105dzenia jednocze\u015bnie \u0141adowarka samochodowa od Baseus pozwala na \u0142adowanie 2 urz\u0105dze\u0144 jednocze\u015bnie. Dzi\u0119ki temu Ty i [&hellip;]\" \/>\n<meta property=\"og:url\" content=\"https:\/\/racom.com.pl\/index.php\/produkt\/baseus-pro-ladowarka-samochodowa-2x-usb-4-8a-biala\/\" \/>\n<meta property=\"og:site_name\" content=\"Mix Market - Supermarket z wszystkim co potrzeba\" \/>\n<meta property=\"og:image\" content=\"https:\/\/racom.com.pl\/wp-content\/uploads\/2025\/07\/allegro_687a7812103e28.60873501_3a124a8f472f9fec6311e6e5e1df.jpg\" \/>\n\t<meta property=\"og:image:width\" content=\"1100\" \/>\n\t<meta property=\"og:image:height\" content=\"699\" \/>\n\t<meta property=\"og:image:type\" content=\"image\/jpeg\" \/>\n<meta name=\"twitter:card\" content=\"summary_large_image\" \/>\n<meta name=\"twitter:label1\" content=\"Szacowany czas czytania\" \/>\n\t<meta name=\"twitter:data1\" content=\"1 minuta\" \/>\n<script type=\"application\/ld+json\" class=\"yoast-schema-graph\">{\"@context\":\"https:\\\/\\\/schema.org\",\"@graph\":[{\"@type\":\"WebPage\",\"@id\":\"https:\\\/\\\/racom.com.pl\\\/index.php\\\/produkt\\\/baseus-pro-ladowarka-samochodowa-2x-usb-4-8a-biala\\\/\",\"url\":\"https:\\\/\\\/racom.com.pl\\\/index.php\\\/produkt\\\/baseus-pro-ladowarka-samochodowa-2x-usb-4-8a-biala\\\/\",\"name\":\"BASEUS PRO \u0141ADOWARKA SAMOCHODOWA 2x USB 4.8A BIA\u0141A - Mix Market - Supermarket z wszystkim co potrzeba\",\"isPartOf\":{\"@id\":\"https:\\\/\\\/racom.com.pl\\\/#website\"},\"primaryImageOfPage\":{\"@id\":\"https:\\\/\\\/racom.com.pl\\\/index.php\\\/produkt\\\/baseus-pro-ladowarka-samochodowa-2x-usb-4-8a-biala\\\/#primaryimage\"},\"image\":{\"@id\":\"https:\\\/\\\/racom.com.pl\\\/index.php\\\/produkt\\\/baseus-pro-ladowarka-samochodowa-2x-usb-4-8a-biala\\\/#primaryimage\"},\"thumbnailUrl\":\"https:\\\/\\\/racom.com.pl\\\/wp-content\\\/uploads\\\/2025\\\/07\\\/allegro_687a7812103e28.60873501_3a124a8f472f9fec6311e6e5e1df.jpg\",\"datePublished\":\"2025-07-18T16:35:59+00:00\",\"breadcrumb\":{\"@id\":\"https:\\\/\\\/racom.com.pl\\\/index.php\\\/produkt\\\/baseus-pro-ladowarka-samochodowa-2x-usb-4-8a-biala\\\/#breadcrumb\"},\"inLanguage\":\"pl-PL\",\"potentialAction\":[{\"@type\":\"ReadAction\",\"target\":[\"https:\\\/\\\/racom.com.pl\\\/index.php\\\/produkt\\\/baseus-pro-ladowarka-samochodowa-2x-usb-4-8a-biala\\\/\"]}]},{\"@type\":\"ImageObject\",\"inLanguage\":\"pl-PL\",\"@id\":\"https:\\\/\\\/racom.com.pl\\\/index.php\\\/produkt\\\/baseus-pro-ladowarka-samochodowa-2x-usb-4-8a-biala\\\/#primaryimage\",\"url\":\"https:\\\/\\\/racom.com.pl\\\/wp-content\\\/uploads\\\/2025\\\/07\\\/allegro_687a7812103e28.60873501_3a124a8f472f9fec6311e6e5e1df.jpg\",\"contentUrl\":\"https:\\\/\\\/racom.com.pl\\\/wp-content\\\/uploads\\\/2025\\\/07\\\/allegro_687a7812103e28.60873501_3a124a8f472f9fec6311e6e5e1df.jpg\",\"width\":1100,\"height\":699},{\"@type\":\"BreadcrumbList\",\"@id\":\"https:\\\/\\\/racom.com.pl\\\/index.php\\\/produkt\\\/baseus-pro-ladowarka-samochodowa-2x-usb-4-8a-biala\\\/#breadcrumb\",\"itemListElement\":[{\"@type\":\"ListItem\",\"position\":1,\"name\":\"Strona g\u0142\u00f3wna\",\"item\":\"https:\\\/\\\/racom.com.pl\\\/\"},{\"@type\":\"ListItem\",\"position\":2,\"name\":\"Sklep\",\"item\":\"https:\\\/\\\/racom.com.pl\\\/\"},{\"@type\":\"ListItem\",\"position\":3,\"name\":\"BASEUS PRO \u0141ADOWARKA SAMOCHODOWA 2x USB 4.8A BIA\u0141A\"}]},{\"@type\":\"WebSite\",\"@id\":\"https:\\\/\\\/racom.com.pl\\\/#website\",\"url\":\"https:\\\/\\\/racom.com.pl\\\/\",\"name\":\"Mix Market - Supermarket z wszystkim co potrzeba do domu i nie tylko\",\"description\":\"\",\"publisher\":{\"@id\":\"https:\\\/\\\/racom.com.pl\\\/#organization\"},\"potentialAction\":[{\"@type\":\"SearchAction\",\"target\":{\"@type\":\"EntryPoint\",\"urlTemplate\":\"https:\\\/\\\/racom.com.pl\\\/?s={search_term_string}\"},\"query-input\":{\"@type\":\"PropertyValueSpecification\",\"valueRequired\":true,\"valueName\":\"search_term_string\"}}],\"inLanguage\":\"pl-PL\"},{\"@type\":\"Organization\",\"@id\":\"https:\\\/\\\/racom.com.pl\\\/#organization\",\"name\":\"Mix Market - Supermarket z wszystkim co potrzeba do domu i nie tylko\",\"url\":\"https:\\\/\\\/racom.com.pl\\\/\",\"logo\":{\"@type\":\"ImageObject\",\"inLanguage\":\"pl-PL\",\"@id\":\"https:\\\/\\\/racom.com.pl\\\/#\\\/schema\\\/logo\\\/image\\\/\",\"url\":\"https:\\\/\\\/racom.com.pl\\\/wp-content\\\/uploads\\\/2025\\\/07\\\/mixmarket_logo.png\",\"contentUrl\":\"https:\\\/\\\/racom.com.pl\\\/wp-content\\\/uploads\\\/2025\\\/07\\\/mixmarket_logo.png\",\"width\":1024,\"height\":1024,\"caption\":\"Mix Market - Supermarket z wszystkim co potrzeba do domu i nie tylko\"},\"image\":{\"@id\":\"https:\\\/\\\/racom.com.pl\\\/#\\\/schema\\\/logo\\\/image\\\/\"}}]}<\/script>\n<!-- \/ Yoast SEO plugin. -->","yoast_head_json":{"title":"BASEUS PRO \u0141ADOWARKA SAMOCHODOWA 2x USB 4.8A BIA\u0141A - Mix Market - Supermarket z wszystkim co potrzeba","robots":{"index":"index","follow":"follow","max-snippet":"max-snippet:-1","max-image-preview":"max-image-preview:large","max-video-preview":"max-video-preview:-1"},"canonical":"https:\/\/racom.com.pl\/index.php\/produkt\/baseus-pro-ladowarka-samochodowa-2x-usb-4-8a-biala\/","og_locale":"pl_PL","og_type":"article","og_title":"BASEUS PRO \u0141ADOWARKA SAMOCHODOWA 2x USB 4.8A BIA\u0141A - Mix Market - Supermarket z wszystkim co potrzeba","og_description":"\u0141adowarka samochodowa Baseus Grain Pro 2x USB 4.8A (bia\u0142a) Specyfikacja Producent: Baseus Model: CCALLP-02 Wyko\u0144czenie: PC + ABS Kolor: bia\u0142y Wymiary: 46.8 x 26.5 mm Kompatybilno\u015b\u0107: uniwersalna Porty: USB1:5V\/2.4A; USB2:5V\/2.4A Moc wyj\u015bciowa: 5V\/4.8A Napi\u0119cie wej\u015bciowe: DC 12-24V \u0141aduj 2 urz\u0105dzenia jednocze\u015bnie \u0141adowarka samochodowa od Baseus pozwala na \u0142adowanie 2 urz\u0105dze\u0144 jednocze\u015bnie. Dzi\u0119ki temu Ty i [&hellip;]","og_url":"https:\/\/racom.com.pl\/index.php\/produkt\/baseus-pro-ladowarka-samochodowa-2x-usb-4-8a-biala\/","og_site_name":"Mix Market - Supermarket z wszystkim co potrzeba","og_image":[{"width":1100,"height":699,"url":"https:\/\/racom.com.pl\/wp-content\/uploads\/2025\/07\/allegro_687a7812103e28.60873501_3a124a8f472f9fec6311e6e5e1df.jpg","type":"image\/jpeg"}],"twitter_card":"summary_large_image","twitter_misc":{"Szacowany czas czytania":"1 minuta"},"schema":{"@context":"https:\/\/schema.org","@graph":[{"@type":"WebPage","@id":"https:\/\/racom.com.pl\/index.php\/produkt\/baseus-pro-ladowarka-samochodowa-2x-usb-4-8a-biala\/","url":"https:\/\/racom.com.pl\/index.php\/produkt\/baseus-pro-ladowarka-samochodowa-2x-usb-4-8a-biala\/","name":"BASEUS PRO \u0141ADOWARKA SAMOCHODOWA 2x USB 4.8A BIA\u0141A - Mix Market - Supermarket z wszystkim co potrzeba","isPartOf":{"@id":"https:\/\/racom.com.pl\/#website"},"primaryImageOfPage":{"@id":"https:\/\/racom.com.pl\/index.php\/produkt\/baseus-pro-ladowarka-samochodowa-2x-usb-4-8a-biala\/#primaryimage"},"image":{"@id":"https:\/\/racom.com.pl\/index.php\/produkt\/baseus-pro-ladowarka-samochodowa-2x-usb-4-8a-biala\/#primaryimage"},"thumbnailUrl":"https:\/\/racom.com.pl\/wp-content\/uploads\/2025\/07\/allegro_687a7812103e28.60873501_3a124a8f472f9fec6311e6e5e1df.jpg","datePublished":"2025-07-18T16:35:59+00:00","breadcrumb":{"@id":"https:\/\/racom.com.pl\/index.php\/produkt\/baseus-pro-ladowarka-samochodowa-2x-usb-4-8a-biala\/#breadcrumb"},"inLanguage":"pl-PL","potentialAction":[{"@type":"ReadAction","target":["https:\/\/racom.com.pl\/index.php\/produkt\/baseus-pro-ladowarka-samochodowa-2x-usb-4-8a-biala\/"]}]},{"@type":"ImageObject","inLanguage":"pl-PL","@id":"https:\/\/racom.com.pl\/index.php\/produkt\/baseus-pro-ladowarka-samochodowa-2x-usb-4-8a-biala\/#primaryimage","url":"https:\/\/racom.com.pl\/wp-content\/uploads\/2025\/07\/allegro_687a7812103e28.60873501_3a124a8f472f9fec6311e6e5e1df.jpg","contentUrl":"https:\/\/racom.com.pl\/wp-content\/uploads\/2025\/07\/allegro_687a7812103e28.60873501_3a124a8f472f9fec6311e6e5e1df.jpg","width":1100,"height":699},{"@type":"BreadcrumbList","@id":"https:\/\/racom.com.pl\/index.php\/produkt\/baseus-pro-ladowarka-samochodowa-2x-usb-4-8a-biala\/#breadcrumb","itemListElement":[{"@type":"ListItem","position":1,"name":"Strona g\u0142\u00f3wna","item":"https:\/\/racom.com.pl\/"},{"@type":"ListItem","position":2,"name":"Sklep","item":"https:\/\/racom.com.pl\/"},{"@type":"ListItem","position":3,"name":"BASEUS PRO \u0141ADOWARKA SAMOCHODOWA 2x USB 4.8A BIA\u0141A"}]},{"@type":"WebSite","@id":"https:\/\/racom.com.pl\/#website","url":"https:\/\/racom.com.pl\/","name":"Mix Market - Supermarket z wszystkim co potrzeba do domu i nie tylko","description":"","publisher":{"@id":"https:\/\/racom.com.pl\/#organization"},"potentialAction":[{"@type":"SearchAction","target":{"@type":"EntryPoint","urlTemplate":"https:\/\/racom.com.pl\/?s={search_term_string}"},"query-input":{"@type":"PropertyValueSpecification","valueRequired":true,"valueName":"search_term_string"}}],"inLanguage":"pl-PL"},{"@type":"Organization","@id":"https:\/\/racom.com.pl\/#organization","name":"Mix Market - Supermarket z wszystkim co potrzeba do domu i nie tylko","url":"https:\/\/racom.com.pl\/","logo":{"@type":"ImageObject","inLanguage":"pl-PL","@id":"https:\/\/racom.com.pl\/#\/schema\/logo\/image\/","url":"https:\/\/racom.com.pl\/wp-content\/uploads\/2025\/07\/mixmarket_logo.png","contentUrl":"https:\/\/racom.com.pl\/wp-content\/uploads\/2025\/07\/mixmarket_logo.png","width":1024,"height":1024,"caption":"Mix Market - Supermarket z wszystkim co potrzeba do domu i nie tylko"},"image":{"@id":"https:\/\/racom.com.pl\/#\/schema\/logo\/image\/"}}]}},"_links":{"self":[{"href":"https:\/\/racom.com.pl\/index.php\/wp-json\/wp\/v2\/product\/982","targetHints":{"allow":["GET"]}}],"collection":[{"href":"https:\/\/racom.com.pl\/index.php\/wp-json\/wp\/v2\/product"}],"about":[{"href":"https:\/\/racom.com.pl\/index.php\/wp-json\/wp\/v2\/types\/product"}],"replies":[{"embeddable":true,"href":"https:\/\/racom.com.pl\/index.php\/wp-json\/wp\/v2\/comments?post=982"}],"wp:featuredmedia":[{"embeddable":true,"href":"https:\/\/racom.com.pl\/index.php\/wp-json\/wp\/v2\/media\/988"}],"wp:attachment":[{"href":"https:\/\/racom.com.pl\/index.php\/wp-json\/wp\/v2\/media?parent=982"}],"wp:term":[{"taxonomy":"product_brand","embeddable":true,"href":"https:\/\/racom.com.pl\/index.php\/wp-json\/wp\/v2\/product_brand?post=982"},{"taxonomy":"product_cat","embeddable":true,"href":"https:\/\/racom.com.pl\/index.php\/wp-json\/wp\/v2\/product_cat?post=982"},{"taxonomy":"product_tag","embeddable":true,"href":"https:\/\/racom.com.pl\/index.php\/wp-json\/wp\/v2\/product_tag?post=982"}],"curies":[{"name":"wp","href":"https:\/\/api.w.org\/{rel}","templated":true}]}}