{"id":995,"date":"2025-07-18T18:37:35","date_gmt":"2025-07-18T16:37:35","guid":{"rendered":"http:\/\/192.168.2.106\/index.php\/produkt\/scroll-rolka-pokretlo-do-myszki-razer-deathadder-2\/"},"modified":"2025-07-18T18:37:35","modified_gmt":"2025-07-18T16:37:35","slug":"scroll-rolka-pokretlo-do-myszki-razer-deathadder-2","status":"publish","type":"product","link":"https:\/\/racom.com.pl\/index.php\/produkt\/scroll-rolka-pokretlo-do-myszki-razer-deathadder-2\/","title":{"rendered":"SCROLL ROLKA POKR\u0118T\u0141O DO MYSZKI RAZER DEATHADDER"},"content":{"rendered":"<p><b>NOWY SCROLL ROLKA DO MYSZKI<\/b><\/p>\n<p>Zast\u0119puje uszkodzon\u0105 (najcz\u0119\u015bciej z\u0142aman\u0105) rolk\u0119 w myszkach:<\/p>\n<p>Wersje: 1800DPI i 3500DPI<\/p>\n<p>Nie pasuje do wersji 2013 i 2014.<\/p>\n<p>Materia\u0142 wykonania: silikon + poliw\u0119glan<\/p>\n<p>Kod produktu: B441<\/p>\n","protected":false},"excerpt":{"rendered":"<p>NOWY SCROLL ROLKA DO MYSZKI Zast\u0119puje uszkodzon\u0105 (najcz\u0119\u015bciej z\u0142aman\u0105) rolk\u0119 w myszkach: Wersje: 1800DPI i 3500DPI Nie pasuje do wersji 2013 i 2014. Materia\u0142 wykonania: silikon + poliw\u0119glan Kod produktu: B441<\/p>\n","protected":false},"featured_media":111,"comment_status":"open","ping_status":"closed","template":"","meta":[],"product_brand":[],"product_cat":[21],"product_tag":[],"class_list":{"0":"post-995","1":"product","2":"type-product","3":"status-publish","4":"has-post-thumbnail","6":"product_cat-urzadzenia-wskazujace","8":"first","9":"instock","10":"taxable","11":"shipping-taxable","12":"purchasable","13":"product-type-simple"},"yoast_head":"<!-- This site is optimized with the Yoast SEO plugin v27.3 - https:\/\/yoast.com\/product\/yoast-seo-wordpress\/ -->\n<title>SCROLL ROLKA POKR\u0118T\u0141O DO MYSZKI RAZER DEATHADDER - Mix Market - Supermarket z wszystkim co potrzeba<\/title>\n<meta name=\"robots\" content=\"index, follow, max-snippet:-1, max-image-preview:large, max-video-preview:-1\" \/>\n<link rel=\"canonical\" href=\"https:\/\/racom.com.pl\/index.php\/produkt\/scroll-rolka-pokretlo-do-myszki-razer-deathadder-2\/\" \/>\n<meta property=\"og:locale\" content=\"pl_PL\" \/>\n<meta property=\"og:type\" content=\"article\" \/>\n<meta property=\"og:title\" content=\"SCROLL ROLKA POKR\u0118T\u0141O DO MYSZKI RAZER DEATHADDER - Mix Market - Supermarket z wszystkim co potrzeba\" \/>\n<meta property=\"og:description\" content=\"NOWY SCROLL ROLKA DO MYSZKI Zast\u0119puje uszkodzon\u0105 (najcz\u0119\u015bciej z\u0142aman\u0105) rolk\u0119 w myszkach: Wersje: 1800DPI i 3500DPI Nie pasuje do wersji 2013 i 2014. Materia\u0142 wykonania: silikon + poliw\u0119glan Kod produktu: B441\" \/>\n<meta property=\"og:url\" content=\"https:\/\/racom.com.pl\/index.php\/produkt\/scroll-rolka-pokretlo-do-myszki-razer-deathadder-2\/\" \/>\n<meta property=\"og:site_name\" content=\"Mix Market - Supermarket z wszystkim co potrzeba\" \/>\n<meta property=\"og:image\" content=\"https:\/\/racom.com.pl\/wp-content\/uploads\/2025\/07\/allegro_687a642c43db22.97485038_3aaa92be4b8cbb314de13ad1fcd6.jpg\" \/>\n\t<meta property=\"og:image:width\" content=\"800\" \/>\n\t<meta property=\"og:image:height\" content=\"800\" \/>\n\t<meta property=\"og:image:type\" content=\"image\/jpeg\" \/>\n<meta name=\"twitter:card\" content=\"summary_large_image\" \/>\n<script type=\"application\/ld+json\" class=\"yoast-schema-graph\">{\"@context\":\"https:\\\/\\\/schema.org\",\"@graph\":[{\"@type\":\"WebPage\",\"@id\":\"https:\\\/\\\/racom.com.pl\\\/index.php\\\/produkt\\\/scroll-rolka-pokretlo-do-myszki-razer-deathadder-2\\\/\",\"url\":\"https:\\\/\\\/racom.com.pl\\\/index.php\\\/produkt\\\/scroll-rolka-pokretlo-do-myszki-razer-deathadder-2\\\/\",\"name\":\"SCROLL ROLKA POKR\u0118T\u0141O DO MYSZKI RAZER DEATHADDER - Mix Market - Supermarket z wszystkim co potrzeba\",\"isPartOf\":{\"@id\":\"https:\\\/\\\/racom.com.pl\\\/#website\"},\"primaryImageOfPage\":{\"@id\":\"https:\\\/\\\/racom.com.pl\\\/index.php\\\/produkt\\\/scroll-rolka-pokretlo-do-myszki-razer-deathadder-2\\\/#primaryimage\"},\"image\":{\"@id\":\"https:\\\/\\\/racom.com.pl\\\/index.php\\\/produkt\\\/scroll-rolka-pokretlo-do-myszki-razer-deathadder-2\\\/#primaryimage\"},\"thumbnailUrl\":\"https:\\\/\\\/racom.com.pl\\\/wp-content\\\/uploads\\\/2025\\\/07\\\/allegro_687a642c43db22.97485038_3aaa92be4b8cbb314de13ad1fcd6.jpg\",\"datePublished\":\"2025-07-18T16:37:35+00:00\",\"breadcrumb\":{\"@id\":\"https:\\\/\\\/racom.com.pl\\\/index.php\\\/produkt\\\/scroll-rolka-pokretlo-do-myszki-razer-deathadder-2\\\/#breadcrumb\"},\"inLanguage\":\"pl-PL\",\"potentialAction\":[{\"@type\":\"ReadAction\",\"target\":[\"https:\\\/\\\/racom.com.pl\\\/index.php\\\/produkt\\\/scroll-rolka-pokretlo-do-myszki-razer-deathadder-2\\\/\"]}]},{\"@type\":\"ImageObject\",\"inLanguage\":\"pl-PL\",\"@id\":\"https:\\\/\\\/racom.com.pl\\\/index.php\\\/produkt\\\/scroll-rolka-pokretlo-do-myszki-razer-deathadder-2\\\/#primaryimage\",\"url\":\"https:\\\/\\\/racom.com.pl\\\/wp-content\\\/uploads\\\/2025\\\/07\\\/allegro_687a642c43db22.97485038_3aaa92be4b8cbb314de13ad1fcd6.jpg\",\"contentUrl\":\"https:\\\/\\\/racom.com.pl\\\/wp-content\\\/uploads\\\/2025\\\/07\\\/allegro_687a642c43db22.97485038_3aaa92be4b8cbb314de13ad1fcd6.jpg\",\"width\":800,\"height\":800},{\"@type\":\"BreadcrumbList\",\"@id\":\"https:\\\/\\\/racom.com.pl\\\/index.php\\\/produkt\\\/scroll-rolka-pokretlo-do-myszki-razer-deathadder-2\\\/#breadcrumb\",\"itemListElement\":[{\"@type\":\"ListItem\",\"position\":1,\"name\":\"Strona g\u0142\u00f3wna\",\"item\":\"https:\\\/\\\/racom.com.pl\\\/\"},{\"@type\":\"ListItem\",\"position\":2,\"name\":\"Sklep\",\"item\":\"https:\\\/\\\/racom.com.pl\\\/\"},{\"@type\":\"ListItem\",\"position\":3,\"name\":\"SCROLL ROLKA POKR\u0118T\u0141O DO MYSZKI RAZER DEATHADDER\"}]},{\"@type\":\"WebSite\",\"@id\":\"https:\\\/\\\/racom.com.pl\\\/#website\",\"url\":\"https:\\\/\\\/racom.com.pl\\\/\",\"name\":\"Mix Market - Supermarket z wszystkim co potrzeba do domu i nie tylko\",\"description\":\"\",\"publisher\":{\"@id\":\"https:\\\/\\\/racom.com.pl\\\/#organization\"},\"potentialAction\":[{\"@type\":\"SearchAction\",\"target\":{\"@type\":\"EntryPoint\",\"urlTemplate\":\"https:\\\/\\\/racom.com.pl\\\/?s={search_term_string}\"},\"query-input\":{\"@type\":\"PropertyValueSpecification\",\"valueRequired\":true,\"valueName\":\"search_term_string\"}}],\"inLanguage\":\"pl-PL\"},{\"@type\":\"Organization\",\"@id\":\"https:\\\/\\\/racom.com.pl\\\/#organization\",\"name\":\"Mix Market - Supermarket z wszystkim co potrzeba do domu i nie tylko\",\"url\":\"https:\\\/\\\/racom.com.pl\\\/\",\"logo\":{\"@type\":\"ImageObject\",\"inLanguage\":\"pl-PL\",\"@id\":\"https:\\\/\\\/racom.com.pl\\\/#\\\/schema\\\/logo\\\/image\\\/\",\"url\":\"https:\\\/\\\/racom.com.pl\\\/wp-content\\\/uploads\\\/2025\\\/07\\\/mixmarket_logo.png\",\"contentUrl\":\"https:\\\/\\\/racom.com.pl\\\/wp-content\\\/uploads\\\/2025\\\/07\\\/mixmarket_logo.png\",\"width\":1024,\"height\":1024,\"caption\":\"Mix Market - Supermarket z wszystkim co potrzeba do domu i nie tylko\"},\"image\":{\"@id\":\"https:\\\/\\\/racom.com.pl\\\/#\\\/schema\\\/logo\\\/image\\\/\"}}]}<\/script>\n<!-- \/ Yoast SEO plugin. -->","yoast_head_json":{"title":"SCROLL ROLKA POKR\u0118T\u0141O DO MYSZKI RAZER DEATHADDER - Mix Market - Supermarket z wszystkim co potrzeba","robots":{"index":"index","follow":"follow","max-snippet":"max-snippet:-1","max-image-preview":"max-image-preview:large","max-video-preview":"max-video-preview:-1"},"canonical":"https:\/\/racom.com.pl\/index.php\/produkt\/scroll-rolka-pokretlo-do-myszki-razer-deathadder-2\/","og_locale":"pl_PL","og_type":"article","og_title":"SCROLL ROLKA POKR\u0118T\u0141O DO MYSZKI RAZER DEATHADDER - Mix Market - Supermarket z wszystkim co potrzeba","og_description":"NOWY SCROLL ROLKA DO MYSZKI Zast\u0119puje uszkodzon\u0105 (najcz\u0119\u015bciej z\u0142aman\u0105) rolk\u0119 w myszkach: Wersje: 1800DPI i 3500DPI Nie pasuje do wersji 2013 i 2014. Materia\u0142 wykonania: silikon + poliw\u0119glan Kod produktu: B441","og_url":"https:\/\/racom.com.pl\/index.php\/produkt\/scroll-rolka-pokretlo-do-myszki-razer-deathadder-2\/","og_site_name":"Mix Market - Supermarket z wszystkim co potrzeba","og_image":[{"width":800,"height":800,"url":"https:\/\/racom.com.pl\/wp-content\/uploads\/2025\/07\/allegro_687a642c43db22.97485038_3aaa92be4b8cbb314de13ad1fcd6.jpg","type":"image\/jpeg"}],"twitter_card":"summary_large_image","schema":{"@context":"https:\/\/schema.org","@graph":[{"@type":"WebPage","@id":"https:\/\/racom.com.pl\/index.php\/produkt\/scroll-rolka-pokretlo-do-myszki-razer-deathadder-2\/","url":"https:\/\/racom.com.pl\/index.php\/produkt\/scroll-rolka-pokretlo-do-myszki-razer-deathadder-2\/","name":"SCROLL ROLKA POKR\u0118T\u0141O DO MYSZKI RAZER DEATHADDER - Mix Market - Supermarket z wszystkim co potrzeba","isPartOf":{"@id":"https:\/\/racom.com.pl\/#website"},"primaryImageOfPage":{"@id":"https:\/\/racom.com.pl\/index.php\/produkt\/scroll-rolka-pokretlo-do-myszki-razer-deathadder-2\/#primaryimage"},"image":{"@id":"https:\/\/racom.com.pl\/index.php\/produkt\/scroll-rolka-pokretlo-do-myszki-razer-deathadder-2\/#primaryimage"},"thumbnailUrl":"https:\/\/racom.com.pl\/wp-content\/uploads\/2025\/07\/allegro_687a642c43db22.97485038_3aaa92be4b8cbb314de13ad1fcd6.jpg","datePublished":"2025-07-18T16:37:35+00:00","breadcrumb":{"@id":"https:\/\/racom.com.pl\/index.php\/produkt\/scroll-rolka-pokretlo-do-myszki-razer-deathadder-2\/#breadcrumb"},"inLanguage":"pl-PL","potentialAction":[{"@type":"ReadAction","target":["https:\/\/racom.com.pl\/index.php\/produkt\/scroll-rolka-pokretlo-do-myszki-razer-deathadder-2\/"]}]},{"@type":"ImageObject","inLanguage":"pl-PL","@id":"https:\/\/racom.com.pl\/index.php\/produkt\/scroll-rolka-pokretlo-do-myszki-razer-deathadder-2\/#primaryimage","url":"https:\/\/racom.com.pl\/wp-content\/uploads\/2025\/07\/allegro_687a642c43db22.97485038_3aaa92be4b8cbb314de13ad1fcd6.jpg","contentUrl":"https:\/\/racom.com.pl\/wp-content\/uploads\/2025\/07\/allegro_687a642c43db22.97485038_3aaa92be4b8cbb314de13ad1fcd6.jpg","width":800,"height":800},{"@type":"BreadcrumbList","@id":"https:\/\/racom.com.pl\/index.php\/produkt\/scroll-rolka-pokretlo-do-myszki-razer-deathadder-2\/#breadcrumb","itemListElement":[{"@type":"ListItem","position":1,"name":"Strona g\u0142\u00f3wna","item":"https:\/\/racom.com.pl\/"},{"@type":"ListItem","position":2,"name":"Sklep","item":"https:\/\/racom.com.pl\/"},{"@type":"ListItem","position":3,"name":"SCROLL ROLKA POKR\u0118T\u0141O DO MYSZKI RAZER DEATHADDER"}]},{"@type":"WebSite","@id":"https:\/\/racom.com.pl\/#website","url":"https:\/\/racom.com.pl\/","name":"Mix Market - Supermarket z wszystkim co potrzeba do domu i nie tylko","description":"","publisher":{"@id":"https:\/\/racom.com.pl\/#organization"},"potentialAction":[{"@type":"SearchAction","target":{"@type":"EntryPoint","urlTemplate":"https:\/\/racom.com.pl\/?s={search_term_string}"},"query-input":{"@type":"PropertyValueSpecification","valueRequired":true,"valueName":"search_term_string"}}],"inLanguage":"pl-PL"},{"@type":"Organization","@id":"https:\/\/racom.com.pl\/#organization","name":"Mix Market - Supermarket z wszystkim co potrzeba do domu i nie tylko","url":"https:\/\/racom.com.pl\/","logo":{"@type":"ImageObject","inLanguage":"pl-PL","@id":"https:\/\/racom.com.pl\/#\/schema\/logo\/image\/","url":"https:\/\/racom.com.pl\/wp-content\/uploads\/2025\/07\/mixmarket_logo.png","contentUrl":"https:\/\/racom.com.pl\/wp-content\/uploads\/2025\/07\/mixmarket_logo.png","width":1024,"height":1024,"caption":"Mix Market - Supermarket z wszystkim co potrzeba do domu i nie tylko"},"image":{"@id":"https:\/\/racom.com.pl\/#\/schema\/logo\/image\/"}}]}},"_links":{"self":[{"href":"https:\/\/racom.com.pl\/index.php\/wp-json\/wp\/v2\/product\/995","targetHints":{"allow":["GET"]}}],"collection":[{"href":"https:\/\/racom.com.pl\/index.php\/wp-json\/wp\/v2\/product"}],"about":[{"href":"https:\/\/racom.com.pl\/index.php\/wp-json\/wp\/v2\/types\/product"}],"replies":[{"embeddable":true,"href":"https:\/\/racom.com.pl\/index.php\/wp-json\/wp\/v2\/comments?post=995"}],"wp:featuredmedia":[{"embeddable":true,"href":"https:\/\/racom.com.pl\/index.php\/wp-json\/wp\/v2\/media\/111"}],"wp:attachment":[{"href":"https:\/\/racom.com.pl\/index.php\/wp-json\/wp\/v2\/media?parent=995"}],"wp:term":[{"taxonomy":"product_brand","embeddable":true,"href":"https:\/\/racom.com.pl\/index.php\/wp-json\/wp\/v2\/product_brand?post=995"},{"taxonomy":"product_cat","embeddable":true,"href":"https:\/\/racom.com.pl\/index.php\/wp-json\/wp\/v2\/product_cat?post=995"},{"taxonomy":"product_tag","embeddable":true,"href":"https:\/\/racom.com.pl\/index.php\/wp-json\/wp\/v2\/product_tag?post=995"}],"curies":[{"name":"wp","href":"https:\/\/api.w.org\/{rel}","templated":true}]}}